{"id":5332,"date":"2024-07-02T00:42:35","date_gmt":"2024-07-01T22:42:35","guid":{"rendered":"https:\/\/www.taesa-gi.com\/politica-de-cookies\/"},"modified":"2024-08-09T17:31:44","modified_gmt":"2024-08-09T15:31:44","slug":"politica-de-cookies","status":"publish","type":"page","link":"https:\/\/www.taesa-gi.com\/pt-pt\/politica-de-cookies\/","title":{"rendered":"Pol\u00edtica de cookies"},"content":{"rendered":"\t\t<div data-elementor-type=\"wp-page\" data-elementor-id=\"5332\" class=\"elementor elementor-5332 elementor-1194\" data-elementor-post-type=\"page\">\n\t\t\t\t<div class=\"elementor-element elementor-element-683bc8b e-flex e-con-boxed e-con e-parent\" data-id=\"683bc8b\" data-element_type=\"container\" data-e-type=\"container\">\n\t\t\t\t\t<div class=\"e-con-inner\">\n\t\t\t\t<div class=\"elementor-element elementor-element-4338a50 elementor-widget elementor-widget-heading\" data-id=\"4338a50\" data-element_type=\"widget\" data-e-type=\"widget\" data-widget_type=\"heading.default\">\n\t\t\t\t<div class=\"elementor-widget-container\">\n\t\t\t\t\t<h1 class=\"elementor-heading-title elementor-size-default\">Pol\u00edtica de cookies<\/h1>\t\t\t\t<\/div>\n\t\t\t\t<\/div>\n\t\t\t\t<div class=\"elementor-element elementor-element-b98ec39 elementor-widget elementor-widget-text-editor\" data-id=\"b98ec39\" data-element_type=\"widget\" data-e-type=\"widget\" data-widget_type=\"text-editor.default\">\n\t\t\t\t<div class=\"elementor-widget-container\">\n\t\t\t\t\t\t\t\t\t<h4><strong>O que \u00e9 que se passa?<\/strong><\/h4>\n<p>Um cookie \u00e9 um ficheiro de texto que \u00e9 armazenado no seu computador ou dispositivo m\u00f3vel por um servidor Web e apenas esse servidor poder\u00e1 recuperar ou ler o conte\u00fado do cookie e permitir que o s\u00edtio Web recorde as prefer\u00eancias de navega\u00e7\u00e3o e navegue de forma eficiente. Os cookies tornam a intera\u00e7\u00e3o entre o utilizador e o s\u00edtio Web mais r\u00e1pida e f\u00e1cil. <\/p>\n<p><strong>Informa\u00e7\u00f5es gerais<\/strong><\/p>\n<p>Este s\u00edtio Web utiliza cookies. Os cookies s\u00e3o pequenos ficheiros de texto gerados pelas p\u00e1ginas Web que visita, que cont\u00eam dados de sess\u00e3o que podem ser \u00fateis mais tarde no s\u00edtio Web. Desta forma, este s\u00edtio Web memoriza informa\u00e7\u00f5es sobre a sua visita, o que pode facilitar a sua pr\u00f3xima visita e tornar o s\u00edtio Web mais \u00fatil para si.  <\/p>\n<p><strong>Como \u00e9 que os cookies funcionam?<\/strong><\/p>\n<p>Os cookies s\u00f3 podem armazenar texto, que normalmente \u00e9 sempre an\u00f3nimo e encriptado. Nenhuma informa\u00e7\u00e3o pessoal ser\u00e1 armazenada num cookie, nem pode ser associada a uma pessoa identificada ou identific\u00e1vel. Os dados permitem a este s\u00edtio Web manter as suas informa\u00e7\u00f5es entre p\u00e1ginas e tamb\u00e9m analisar a forma como interage com o s\u00edtio Web. Os cookies s\u00e3o seguros na medida em que s\u00f3 podem armazenar informa\u00e7\u00f5es que s\u00e3o colocadas pelo navegador, ou seja, informa\u00e7\u00f5es que o utilizador introduziu no navegador ou que est\u00e3o inclu\u00eddas no pedido de p\u00e1gina. N\u00e3o podem executar c\u00f3digo e n\u00e3o podem ser utilizados para aceder ao seu computador. Se um s\u00edtio Web encriptar as informa\u00e7\u00f5es do cookie, apenas o s\u00edtio Web pode ler as informa\u00e7\u00f5es.     <\/p>\n<p><strong>Que tipos de cookies utilizamos?<\/strong><\/p>\n<p>Os cookies utilizados por este s\u00edtio Web podem ser distinguidos de acordo com os seguintes crit\u00e9rios:<\/p>\n<p><strong>1. tipos de cookies consoante a entidade que os gere:<\/strong><\/p>\n<p>Dependendo da entidade que gere o equipamento ou dom\u00ednio a partir do qual os cookies s\u00e3o enviados e processa os dados obtidos, podemos distinguir:<\/p>\n<ul>\n<li>Cookies pr\u00f3prios : S\u00e3o aqueles que s\u00e3o enviados para o equipamento terminal do utilizador a partir de um computador ou dom\u00ednio gerido pelo pr\u00f3prio editor e a partir do qual \u00e9 prestado o servi\u00e7o solicitado pelo utilizador.<\/li>\n<li>Cookies de terceiros : S\u00e3o aqueles que s\u00e3o enviados para o equipamento terminal do utilizador a partir de um computador ou dom\u00ednio que n\u00e3o \u00e9 gerido pelo editor, mas por outra entidade que processa os dados obtidos atrav\u00e9s dos cookies.<\/li>\n<\/ul>\n<p>No caso de os cookies serem instalados a partir de um computador ou dom\u00ednio gerido pelo pr\u00f3prio editor, mas a informa\u00e7\u00e3o recolhida atrav\u00e9s deles ser gerida por um terceiro, n\u00e3o podem ser considerados como cookies pr\u00f3prios.<\/p>\n<p><strong>2. tipos de cookies de acordo com o tempo que permanecem activados:<\/strong><\/p>\n<p>Em fun\u00e7\u00e3o do tempo que permanecem activados no equipamento terminal, podemos distinguir:<\/p>\n<ul>\n<li>Cookies de sess\u00e3o: s\u00e3o um tipo de cookie concebido para recolher e armazenar dados enquanto o utilizador acede a um s\u00edtio Web. S\u00e3o normalmente utilizados para armazenar informa\u00e7\u00f5es que s\u00f3 precisam de ser conservadas para a presta\u00e7\u00e3o do servi\u00e7o solicitado pelo utilizador numa \u00fanica ocasi\u00e3o (por exemplo, uma lista de produtos comprados). <\/li>\n<li>Cookies persistentes: Trata-se de um tipo de cookie em que os dados permanecem armazenados no terminal e podem ser acedidos e tratados durante um per\u00edodo definido pelo respons\u00e1vel pelo cookie, que pode ir de alguns minutos a v\u00e1rios anos.<\/li>\n<\/ul>\n<h4><strong>3. tipos de cookies de acordo com a sua finalidade:<\/strong><\/h4>\n<p>Dependendo da finalidade para a qual os dados obtidos atrav\u00e9s dos cookies s\u00e3o processados, podemos distinguir entre:<\/p>\n<ul>\n<li>Cookies t\u00e9cnicos : S\u00e3o aqueles que permitem ao utilizador navegar atrav\u00e9s de um website, plataforma ou aplica\u00e7\u00e3o e a utiliza\u00e7\u00e3o das diferentes op\u00e7\u00f5es ou servi\u00e7os que nele existem como, por exemplo, controlar o tr\u00e1fego e a comunica\u00e7\u00e3o de dados, identificar a sess\u00e3o, aceder a partes de acesso restrito, recordar os elementos que comp\u00f5em uma encomenda, realizar o processo de compra de uma encomenda, realizar o pedido de inscri\u00e7\u00e3o ou participa\u00e7\u00e3o num evento, utilizar elementos de seguran\u00e7a durante a navega\u00e7\u00e3o, armazenar conte\u00fados para difus\u00e3o de v\u00eddeos ou som ou partilhar conte\u00fados atrav\u00e9s das redes sociais.<\/li>\n<li>Cookies de personaliza\u00e7\u00e3o: Estes cookies permitem ao utilizador aceder ao servi\u00e7o com algumas caracter\u00edsticas gerais predefinidas em fun\u00e7\u00e3o de uma s\u00e9rie de crit\u00e9rios no terminal do utilizador, tais como a l\u00edngua, o tipo de navegador utilizado para aceder ao servi\u00e7o, a configura\u00e7\u00e3o regional a partir da qual se acede ao servi\u00e7o, etc.<\/li>\n<li>Cookies de an\u00e1lise: Estes cookies permitem \u00e0 parte respons\u00e1vel por eles monitorizar e analisar o comportamento dos utilizadores dos s\u00edtios Web a que est\u00e3o ligados. As informa\u00e7\u00f5es recolhidas atrav\u00e9s deste tipo de cookies s\u00e3o utilizadas para medir a atividade dos s\u00edtios Web, aplica\u00e7\u00e3o ou plataforma e para a elabora\u00e7\u00e3o de perfis de navega\u00e7\u00e3o dos utilizadores desses s\u00edtios, aplica\u00e7\u00f5es e plataformas, a fim de introduzir melhorias com base na an\u00e1lise dos dados sobre a utiliza\u00e7\u00e3o feita pelos utilizadores do servi\u00e7o. <\/li>\n<\/ul>\n<h4><strong>Ferramenta de gest\u00e3o de cookies<\/strong><\/h4>\n<p>Este s\u00edtio Web utiliza o Google Analytics.<\/p>\n<p>O Google Analytics \u00e9 uma ferramenta gratuita de an\u00e1lise da Web da Google que permite principalmente aos propriet\u00e1rios de s\u00edtios Web compreender como os utilizadores interagem com o seu s\u00edtio Web. Tamb\u00e9m ativa cookies no dom\u00ednio do s\u00edtio em que te encontras e utiliza um conjunto de cookies para recolher informa\u00e7\u00f5es <strong>de forma an\u00f3nima<\/strong> e comunicar tend\u00eancias do s\u00edtio Web <strong>sem identificar utilizadores individuais<\/strong>. <\/p>\n<p>Utilizamos cookies para compilar estat\u00edsticas sobre a utiliza\u00e7\u00e3o deste s\u00edtio Web, a fim de conhecer o n\u00edvel de recorr\u00eancia dos nossos visitantes e os conte\u00fados mais interessantes. Desta forma, podemos concentrar os nossos esfor\u00e7os em melhorar as \u00e1reas mais visitadas e tornar mais f\u00e1cil para os utilizadores encontrarem o que procuram. Neste s\u00edtio Web, as informa\u00e7\u00f5es sobre a tua visita podem ser utilizadas para avalia\u00e7\u00f5es estat\u00edsticas e c\u00e1lculos baseados em dados an\u00f3nimos, bem como para assegurar a continuidade do servi\u00e7o ou para introduzir melhorias nos seus s\u00edtios Web. Para mais informa\u00e7\u00f5es, consulta a seguinte liga\u00e7\u00e3o para a pol\u00edtica de privacidade<a href=\"http:\/\/www.google.com\/intl\/es\/policies\/privacy\/\">[http:\/\/www.google.com\/intl\/es\/policies\/privacy\/].<\/a>   <\/p>\n<p><strong>Como gerir os cookies no seu computador: desativar e apagar cookies<\/strong><\/p>\n<p>Todos os navegadores da Internet permitem-lhe limitar o comportamento de um cookie ou desativar os cookies nas defini\u00e7\u00f5es ou op\u00e7\u00f5es do seu navegador. Os passos para o fazer s\u00e3o diferentes para cada navegador, as instru\u00e7\u00f5es podem ser encontradas no menu de ajuda do seu navegador. <\/p>\n<p>Se n\u00e3o aceitar a utiliza\u00e7\u00e3o de cookies, uma vez que \u00e9 poss\u00edvel, gra\u00e7as aos menus de prefer\u00eancias ou \u00e0s defini\u00e7\u00f5es do seu navegador, rejeit\u00e1-los, este s\u00edtio Web continuar\u00e1 a funcionar corretamente sem a utiliza\u00e7\u00e3o de cookies. Pode permitir, bloquear ou eliminar os cookies instalados no seu computador, configurando as op\u00e7\u00f5es do navegador instalado no seu computador: <\/p>\n<ul>\n<li>Para mais informa\u00e7\u00f5es sobre o <strong>Internet Explorer<\/strong> <a href=\"http:\/\/windows.microsoft.com\/es-es\/windows7\/how-to-manage-cookies-in-internet-explorer-9\">, clica aqui<\/a> ou sobre como bloquear, ativar ou permitir cookies <a href=\"http:\/\/windows.microsoft.com\/es-es\/windows7\/how-to-manage-cookies-in-internet-explorer-9\">, clica aqui<\/a>.<\/li>\n<li>Para mais informa\u00e7\u00f5es sobre o <strong>Chrome<\/strong> <a href=\"https:\/\/support.google.com\/chrome\/answer\/95647?hl=es\">, clica aqui<\/a>.<\/li>\n<li>Para mais informa\u00e7\u00f5es sobre o <strong>Safari<\/strong> <a href=\"http:\/\/support.apple.com\/kb\/HT1677?viewlocale=es_ES&amp;locale=es_ES\">, clica aqui<\/a>.<\/li>\n<li>Para mais informa\u00e7\u00f5es sobre o <strong>Firefox<\/strong> <a href=\"http:\/\/support.mozilla.org\/es\/kb\/habilitar-y-deshabilitar-cookies-que-los-sitios-we\">, clica aqui<\/a>.<\/li>\n<\/ul>\n<p>Atrav\u00e9s do seu browser, tamb\u00e9m pode ver os cookies que est\u00e3o no seu computador e apag\u00e1-los como entender. Os cookies s\u00e3o ficheiros de texto, \u00e9 poss\u00edvel abri-los e ler o seu conte\u00fado. Os dados que cont\u00eam s\u00e3o quase sempre encriptados com uma chave num\u00e9rica que corresponde a uma sess\u00e3o na Internet, pelo que muitas vezes n\u00e3o t\u00eam qualquer significado para al\u00e9m do s\u00edtio Web que os escreveu.  <\/p>\n<p><strong>Consentimento informado<\/strong><\/p>\n<p>A utiliza\u00e7\u00e3o deste s\u00edtio Web implica o consentimento expresso e inequ\u00edvoco do utilizador para a utiliza\u00e7\u00e3o de cookies, nos termos e condi\u00e7\u00f5es previstos na presente Pol\u00edtica de Cookies, sem preju\u00edzo das medidas de desativa\u00e7\u00e3o e elimina\u00e7\u00e3o de cookies que o utilizador possa adotar e que s\u00e3o mencionadas na sec\u00e7\u00e3o anterior.<\/p>\n\t\t\t\t\t\t\t\t<\/div>\n\t\t\t\t<\/div>\n\t\t\t\t\t<\/div>\n\t\t\t\t<\/div>\n\t\t\t\t<\/div>\n\t\t","protected":false},"excerpt":{"rendered":"<p>Pol\u00edtica de cookies O que \u00e9 que se passa? Um cookie \u00e9 um ficheiro de texto que \u00e9 armazenado no [&hellip;]<\/p>\n","protected":false},"author":5,"featured_media":0,"parent":0,"menu_order":0,"comment_status":"closed","ping_status":"closed","template":"","meta":{"_acf_changed":false,"site-sidebar-layout":"no-sidebar","site-content-layout":"","ast-site-content-layout":"full-width-container","site-content-style":"default","site-sidebar-style":"default","ast-global-header-display":"","ast-banner-title-visibility":"","ast-main-header-display":"","ast-hfb-above-header-display":"","ast-hfb-below-header-display":"","ast-hfb-mobile-header-display":"","site-post-title":"disabled","ast-breadcrumbs-content":"","ast-featured-img":"disabled","footer-sml-layout":"","ast-disable-related-posts":"","theme-transparent-header-meta":"","adv-header-id-meta":"","stick-header-meta":"","header-above-stick-meta":"","header-main-stick-meta":"","header-below-stick-meta":"","astra-migrate-meta-layouts":"default","ast-page-background-enabled":"default","ast-page-background-meta":{"desktop":{"background-color":"var(--ast-global-color-4)","background-image":"","background-repeat":"repeat","background-position":"center center","background-size":"auto","background-attachment":"scroll","background-type":"","background-media":"","overlay-type":"","overlay-color":"","overlay-opacity":"","overlay-gradient":""},"tablet":{"background-color":"","background-image":"","background-repeat":"repeat","background-position":"center center","background-size":"auto","background-attachment":"scroll","background-type":"","background-media":"","overlay-type":"","overlay-color":"","overlay-opacity":"","overlay-gradient":""},"mobile":{"background-color":"","background-image":"","background-repeat":"repeat","background-position":"center center","background-size":"auto","background-attachment":"scroll","background-type":"","background-media":"","overlay-type":"","overlay-color":"","overlay-opacity":"","overlay-gradient":""}},"ast-content-background-meta":{"desktop":{"background-color":"var(--ast-global-color-5)","background-image":"","background-repeat":"repeat","background-position":"center center","background-size":"auto","background-attachment":"scroll","background-type":"","background-media":"","overlay-type":"","overlay-color":"","overlay-opacity":"","overlay-gradient":""},"tablet":{"background-color":"var(--ast-global-color-5)","background-image":"","background-repeat":"repeat","background-position":"center center","background-size":"auto","background-attachment":"scroll","background-type":"","background-media":"","overlay-type":"","overlay-color":"","overlay-opacity":"","overlay-gradient":""},"mobile":{"background-color":"var(--ast-global-color-5)","background-image":"","background-repeat":"repeat","background-position":"center center","background-size":"auto","background-attachment":"scroll","background-type":"","background-media":"","overlay-type":"","overlay-color":"","overlay-opacity":"","overlay-gradient":""}},"footnotes":""},"class_list":["post-5332","page","type-page","status-publish","hentry"],"acf":[],"yoast_head":"<!-- This site is optimized with the Yoast SEO plugin v27.5 - https:\/\/yoast.com\/product\/yoast-seo-wordpress\/ -->\n<title>Pol\u00edtica de cookies - Taesa<\/title>\n<meta name=\"robots\" content=\"index, follow, max-snippet:-1, max-image-preview:large, max-video-preview:-1\" \/>\n<link rel=\"canonical\" href=\"https:\/\/www.taesa-gi.com\/pt-pt\/politica-de-cookies\/\" \/>\n<meta property=\"og:locale\" content=\"pt_PT\" \/>\n<meta property=\"og:type\" content=\"article\" \/>\n<meta property=\"og:title\" content=\"Pol\u00edtica de cookies - Taesa\" \/>\n<meta property=\"og:description\" content=\"Pol\u00edtica de cookies O que \u00e9 que se passa? Um cookie \u00e9 um ficheiro de texto que \u00e9 armazenado no [&hellip;]\" \/>\n<meta property=\"og:url\" content=\"https:\/\/www.taesa-gi.com\/pt-pt\/politica-de-cookies\/\" \/>\n<meta property=\"og:site_name\" content=\"Taesa\" \/>\n<meta property=\"article:modified_time\" content=\"2024-08-09T15:31:44+00:00\" \/>\n<meta name=\"twitter:card\" content=\"summary_large_image\" \/>\n<meta name=\"twitter:label1\" content=\"Tempo estimado de leitura\" \/>\n\t<meta name=\"twitter:data1\" content=\"7 minutos\" \/>\n<script type=\"application\/ld+json\" class=\"yoast-schema-graph\">{\"@context\":\"https:\\\/\\\/schema.org\",\"@graph\":[{\"@type\":\"WebPage\",\"@id\":\"https:\\\/\\\/www.taesa-gi.com\\\/pt-pt\\\/politica-de-cookies\\\/\",\"url\":\"https:\\\/\\\/www.taesa-gi.com\\\/pt-pt\\\/politica-de-cookies\\\/\",\"name\":\"Pol\u00edtica de cookies - Taesa\",\"isPartOf\":{\"@id\":\"https:\\\/\\\/www.taesa-gi.com\\\/pt-pt\\\/#website\"},\"datePublished\":\"2024-07-01T22:42:35+00:00\",\"dateModified\":\"2024-08-09T15:31:44+00:00\",\"breadcrumb\":{\"@id\":\"https:\\\/\\\/www.taesa-gi.com\\\/pt-pt\\\/politica-de-cookies\\\/#breadcrumb\"},\"inLanguage\":\"pt-PT\",\"potentialAction\":[{\"@type\":\"ReadAction\",\"target\":[\"https:\\\/\\\/www.taesa-gi.com\\\/pt-pt\\\/politica-de-cookies\\\/\"]}]},{\"@type\":\"BreadcrumbList\",\"@id\":\"https:\\\/\\\/www.taesa-gi.com\\\/pt-pt\\\/politica-de-cookies\\\/#breadcrumb\",\"itemListElement\":[{\"@type\":\"ListItem\",\"position\":1,\"name\":\"Portada\",\"item\":\"https:\\\/\\\/www.taesa-gi.com\\\/pt-pt\\\/\"},{\"@type\":\"ListItem\",\"position\":2,\"name\":\"Pol\u00edtica de cookies\"}]},{\"@type\":\"WebSite\",\"@id\":\"https:\\\/\\\/www.taesa-gi.com\\\/pt-pt\\\/#website\",\"url\":\"https:\\\/\\\/www.taesa-gi.com\\\/pt-pt\\\/\",\"name\":\"Taesa\",\"description\":\"Taesa grupo industrial\",\"publisher\":{\"@id\":\"https:\\\/\\\/www.taesa-gi.com\\\/pt-pt\\\/#organization\"},\"potentialAction\":[{\"@type\":\"SearchAction\",\"target\":{\"@type\":\"EntryPoint\",\"urlTemplate\":\"https:\\\/\\\/www.taesa-gi.com\\\/pt-pt\\\/?s={search_term_string}\"},\"query-input\":{\"@type\":\"PropertyValueSpecification\",\"valueRequired\":true,\"valueName\":\"search_term_string\"}}],\"inLanguage\":\"pt-PT\"},{\"@type\":\"Organization\",\"@id\":\"https:\\\/\\\/www.taesa-gi.com\\\/pt-pt\\\/#organization\",\"name\":\"Taesa\",\"url\":\"https:\\\/\\\/www.taesa-gi.com\\\/pt-pt\\\/\",\"logo\":{\"@type\":\"ImageObject\",\"inLanguage\":\"pt-PT\",\"@id\":\"https:\\\/\\\/www.taesa-gi.com\\\/pt-pt\\\/#\\\/schema\\\/logo\\\/image\\\/\",\"url\":\"https:\\\/\\\/www.taesa-gi.com\\\/wp-content\\\/uploads\\\/2024\\\/06\\\/logo.webp\",\"contentUrl\":\"https:\\\/\\\/www.taesa-gi.com\\\/wp-content\\\/uploads\\\/2024\\\/06\\\/logo.webp\",\"width\":368,\"height\":158,\"caption\":\"Taesa\"},\"image\":{\"@id\":\"https:\\\/\\\/www.taesa-gi.com\\\/pt-pt\\\/#\\\/schema\\\/logo\\\/image\\\/\"}}]}<\/script>\n<!-- \/ Yoast SEO plugin. -->","yoast_head_json":{"title":"Pol\u00edtica de cookies - Taesa","robots":{"index":"index","follow":"follow","max-snippet":"max-snippet:-1","max-image-preview":"max-image-preview:large","max-video-preview":"max-video-preview:-1"},"canonical":"https:\/\/www.taesa-gi.com\/pt-pt\/politica-de-cookies\/","og_locale":"pt_PT","og_type":"article","og_title":"Pol\u00edtica de cookies - Taesa","og_description":"Pol\u00edtica de cookies O que \u00e9 que se passa? Um cookie \u00e9 um ficheiro de texto que \u00e9 armazenado no [&hellip;]","og_url":"https:\/\/www.taesa-gi.com\/pt-pt\/politica-de-cookies\/","og_site_name":"Taesa","article_modified_time":"2024-08-09T15:31:44+00:00","twitter_card":"summary_large_image","twitter_misc":{"Tempo estimado de leitura":"7 minutos"},"schema":{"@context":"https:\/\/schema.org","@graph":[{"@type":"WebPage","@id":"https:\/\/www.taesa-gi.com\/pt-pt\/politica-de-cookies\/","url":"https:\/\/www.taesa-gi.com\/pt-pt\/politica-de-cookies\/","name":"Pol\u00edtica de cookies - Taesa","isPartOf":{"@id":"https:\/\/www.taesa-gi.com\/pt-pt\/#website"},"datePublished":"2024-07-01T22:42:35+00:00","dateModified":"2024-08-09T15:31:44+00:00","breadcrumb":{"@id":"https:\/\/www.taesa-gi.com\/pt-pt\/politica-de-cookies\/#breadcrumb"},"inLanguage":"pt-PT","potentialAction":[{"@type":"ReadAction","target":["https:\/\/www.taesa-gi.com\/pt-pt\/politica-de-cookies\/"]}]},{"@type":"BreadcrumbList","@id":"https:\/\/www.taesa-gi.com\/pt-pt\/politica-de-cookies\/#breadcrumb","itemListElement":[{"@type":"ListItem","position":1,"name":"Portada","item":"https:\/\/www.taesa-gi.com\/pt-pt\/"},{"@type":"ListItem","position":2,"name":"Pol\u00edtica de cookies"}]},{"@type":"WebSite","@id":"https:\/\/www.taesa-gi.com\/pt-pt\/#website","url":"https:\/\/www.taesa-gi.com\/pt-pt\/","name":"Taesa","description":"Taesa grupo industrial","publisher":{"@id":"https:\/\/www.taesa-gi.com\/pt-pt\/#organization"},"potentialAction":[{"@type":"SearchAction","target":{"@type":"EntryPoint","urlTemplate":"https:\/\/www.taesa-gi.com\/pt-pt\/?s={search_term_string}"},"query-input":{"@type":"PropertyValueSpecification","valueRequired":true,"valueName":"search_term_string"}}],"inLanguage":"pt-PT"},{"@type":"Organization","@id":"https:\/\/www.taesa-gi.com\/pt-pt\/#organization","name":"Taesa","url":"https:\/\/www.taesa-gi.com\/pt-pt\/","logo":{"@type":"ImageObject","inLanguage":"pt-PT","@id":"https:\/\/www.taesa-gi.com\/pt-pt\/#\/schema\/logo\/image\/","url":"https:\/\/www.taesa-gi.com\/wp-content\/uploads\/2024\/06\/logo.webp","contentUrl":"https:\/\/www.taesa-gi.com\/wp-content\/uploads\/2024\/06\/logo.webp","width":368,"height":158,"caption":"Taesa"},"image":{"@id":"https:\/\/www.taesa-gi.com\/pt-pt\/#\/schema\/logo\/image\/"}}]}},"_links":{"self":[{"href":"https:\/\/www.taesa-gi.com\/pt-pt\/wp-json\/wp\/v2\/pages\/5332","targetHints":{"allow":["GET"]}}],"collection":[{"href":"https:\/\/www.taesa-gi.com\/pt-pt\/wp-json\/wp\/v2\/pages"}],"about":[{"href":"https:\/\/www.taesa-gi.com\/pt-pt\/wp-json\/wp\/v2\/types\/page"}],"author":[{"embeddable":true,"href":"https:\/\/www.taesa-gi.com\/pt-pt\/wp-json\/wp\/v2\/users\/5"}],"replies":[{"embeddable":true,"href":"https:\/\/www.taesa-gi.com\/pt-pt\/wp-json\/wp\/v2\/comments?post=5332"}],"version-history":[{"count":0,"href":"https:\/\/www.taesa-gi.com\/pt-pt\/wp-json\/wp\/v2\/pages\/5332\/revisions"}],"wp:attachment":[{"href":"https:\/\/www.taesa-gi.com\/pt-pt\/wp-json\/wp\/v2\/media?parent=5332"}],"curies":[{"name":"wp","href":"https:\/\/api.w.org\/{rel}","templated":true}]}}