{"id":5330,"date":"2024-07-02T00:42:14","date_gmt":"2024-07-01T22:42:14","guid":{"rendered":"https:\/\/www.taesa-gi.com\/aviso-legal\/"},"modified":"2024-08-09T17:28:01","modified_gmt":"2024-08-09T15:28:01","slug":"aviso-legal","status":"publish","type":"page","link":"https:\/\/www.taesa-gi.com\/pt-pt\/aviso-legal\/","title":{"rendered":"Aviso legal"},"content":{"rendered":"\t\t<div data-elementor-type=\"wp-page\" data-elementor-id=\"5330\" class=\"elementor elementor-5330 elementor-1192\" data-elementor-post-type=\"page\">\n\t\t\t\t<div class=\"elementor-element elementor-element-158ea88 e-flex e-con-boxed e-con e-parent\" data-id=\"158ea88\" data-element_type=\"container\" data-e-type=\"container\">\n\t\t\t\t\t<div class=\"e-con-inner\">\n\t\t\t\t<div class=\"elementor-element elementor-element-9d50ccd elementor-widget elementor-widget-heading\" data-id=\"9d50ccd\" data-element_type=\"widget\" data-e-type=\"widget\" data-widget_type=\"heading.default\">\n\t\t\t\t<div class=\"elementor-widget-container\">\n\t\t\t\t\t<h1 class=\"elementor-heading-title elementor-size-default\">Aviso legal<\/h1>\t\t\t\t<\/div>\n\t\t\t\t<\/div>\n\t\t\t\t<div class=\"elementor-element elementor-element-0128762 elementor-widget elementor-widget-text-editor\" data-id=\"0128762\" data-element_type=\"widget\" data-e-type=\"widget\" data-widget_type=\"text-editor.default\">\n\t\t\t\t<div class=\"elementor-widget-container\">\n\t\t\t\t\t\t\t\t\t<h4><strong>I.- Condi\u00e7\u00f5es de utiliza\u00e7\u00e3o.<\/strong><\/h4>\n<p>www.www.taesa-gi.com \u00e9 um s\u00edtio Web propriedade de Taesa Grupo Industrial, com sede social na Avenida Costaj\u00e1n 19 ARANDA DE DUERO, na cidade de Burgos, e com o n\u00famero de identifica\u00e7\u00e3o fiscal: XXXXXXXXXXXXXX.<\/p>\n<p>Em princ\u00edpio, a utiliza\u00e7\u00e3o do s\u00edtio Web \u00e9 gratuita e, em alguns casos, essa utiliza\u00e7\u00e3o pode estar sujeita a Condi\u00e7\u00f5es Gerais e Condi\u00e7\u00f5es Espec\u00edficas de Utiliza\u00e7\u00e3o. Por conseguinte, o acesso e a utiliza\u00e7\u00e3o dos servi\u00e7os do s\u00edtio Web significam a aceita\u00e7\u00e3o dessas condi\u00e7\u00f5es. <\/p>\n<h4><strong>II &#8211; Conte\u00fado, termos jur\u00eddicos e responsabilidades.<\/strong><\/h4>\n<p>O s\u00edtio Web cont\u00e9m textos, imagens e outros conte\u00fados criados pelo propriet\u00e1rio do s\u00edtio Web e pelos seus colaboradores, que se destinam apenas a fins informativos, uma vez que, em algumas ocasi\u00f5es, podem n\u00e3o refletir as not\u00edcias mais recentes, pelo que, a qualquer momento, esses conte\u00fados podem ser modificados e\/ou substitu\u00eddos por novos conte\u00fados, sem notifica\u00e7\u00e3o pr\u00e9via ou responsabilidade de qualquer tipo.<\/p>\n<p>Os conte\u00fados do s\u00edtio Web n\u00e3o podem ser considerados, em caso algum, como um substituto do aconselhamento jur\u00eddico ou de qualquer outro tipo. N\u00e3o existir\u00e1 qualquer rela\u00e7\u00e3o comercial, profissional ou de qualquer outro tipo com os profissionais que integram o s\u00edtio Web pelo simples facto de os utilizadores acederem ao mesmo. <\/p>\n<p>No caso de liga\u00e7\u00f5es a outros s\u00edtios Web, o www.www.taesa-gi.com n\u00e3o ser\u00e1 respons\u00e1vel pelo seu conte\u00fado, uma vez que n\u00e3o exerce qualquer controlo sobre os mesmos.<\/p>\n<p>O utilizador acede ao site por sua conta e risco. O www.www.taesa-gi.com n\u00e3o garante a velocidade, o acesso ininterrupto ou a aus\u00eancia de v\u00edrus no site. Do mesmo modo, o propriet\u00e1rio do s\u00edtio Web, os seus colaboradores, parceiros, empregados e representantes n\u00e3o podem ser responsabilizados por quaisquer danos resultantes da utiliza\u00e7\u00e3o deste s\u00edtio Web, nem por qualquer a\u00e7\u00e3o tomada com base nas informa\u00e7\u00f5es nele fornecidas.  <\/p>\n<p>N\u00e3o \u00e9 garantida a aus\u00eancia de v\u00edrus ou outros elementos nocivos que possam causar danos ou altera\u00e7\u00f5es no sistema inform\u00e1tico, documentos electr\u00f3nicos ou ficheiros do utilizador deste s\u00edtio Web. Consequentemente, n\u00e3o ser\u00e1 respons\u00e1vel por quaisquer danos que tais elementos possam causar ao utilizador ou a terceiros. <\/p>\n<p><strong>III &#8211; Propriedade intelectual e industrial.<\/strong><\/p>\n<p>Taesa \u00a9 2020 &#8211; Todos os direitos reservados.<\/p>\n<p>Todos os conte\u00fados deste s\u00edtio Web, tais como textos, imagens, som, ficheiros, marcas, log\u00f3tipos, combina\u00e7\u00f5es de cores ou qualquer outro elemento, a sua estrutura e design, a sele\u00e7\u00e3o e forma de apresenta\u00e7\u00e3o dos conte\u00fados nele inclu\u00eddos e os programas inform\u00e1ticos necess\u00e1rios para o seu funcionamento, acesso e utiliza\u00e7\u00e3o, s\u00e3o propriedade do propriet\u00e1rio do s\u00edtio Web.<\/p>\n<p>O armazenamento tempor\u00e1rio e a reprodu\u00e7\u00e3o de parte ou de alguns dos conte\u00fados do s\u00edtio Web s\u00e3o autorizados para fins pessoais e n\u00e3o comerciais. A reprodu\u00e7\u00e3o, o armazenamento permanente e a divulga\u00e7\u00e3o dos Conte\u00fados do s\u00edtio Web ou qualquer utiliza\u00e7\u00e3o para fins p\u00fablicos ou comerciais s\u00e3o estritamente proibidos sem o consentimento pr\u00e9vio por escrito do propriet\u00e1rio do s\u00edtio Web e desde que seja feita refer\u00eancia expl\u00edcita a www.www.taesa-gi.com e \u00e0 sua propriedade. <\/p>\n<p><strong>IV.- Prote\u00e7\u00e3o dos dados pessoais.<\/strong><\/p>\n<p>Em cumprimento do disposto na Lei Org\u00e2nica 15\/1999, de 13 de dezembro, de Prote\u00e7\u00e3o de Dados de Car\u00e1cter Pessoal (LOPD), e demais legisla\u00e7\u00e3o que a possa aplicar e\/ou substituir, toda a informa\u00e7\u00e3o recebida no s\u00edtio web, atrav\u00e9s de consultas, envio de dados ou qualquer outro meio, ser\u00e1 tratada com a mais estrita e absoluta confidencialidade.<\/p>\n<p>Todos os utilizadores que facultem os seus dados atrav\u00e9s do s\u00edtio Web ter\u00e3o o direito de aceder, retificar e\/ou cancelar os seus dados, tal como reconhecido pela LOPD, sem qualquer oposi\u00e7\u00e3o, bem como o direito de revogar o consentimento dado para a transfer\u00eancia dos seus dados. Os direitos acima mencionados poder\u00e3o ser exercidos por escrito, para o endere\u00e7o do propriet\u00e1rio do s\u00edtio Web indicado na sec\u00e7\u00e3o I do presente aviso (Condi\u00e7\u00f5es de utiliza\u00e7\u00e3o). <\/p>\n<p>Os dados pessoais obtidos atrav\u00e9s do s\u00edtio Web ser\u00e3o protegidos de forma a evitar a sua altera\u00e7\u00e3o, perda, tratamento ou acesso n\u00e3o autorizado.<\/p>\n<p><strong>V.- Direito aplic\u00e1vel e jurisdi\u00e7\u00e3o.<\/strong><\/p>\n<p>As presentes condi\u00e7\u00f5es de utiliza\u00e7\u00e3o regem-se pela legisla\u00e7\u00e3o espanhola, sendo competentes os Julgados e Tribunais da cidade de Burgos para conhecer das quest\u00f5es que possam surgir relativamente \u00e0 interpreta\u00e7\u00e3o, aplica\u00e7\u00e3o e cumprimento das presentes condi\u00e7\u00f5es. O utilizador, em virtude da sua aceita\u00e7\u00e3o das condi\u00e7\u00f5es gerais contidas no presente aviso legal, renuncia expressamente a qualquer jurisdi\u00e7\u00e3o a que possa ter direito por aplica\u00e7\u00e3o da Lei de Processo Civil em vigor. <\/p>\n\t\t\t\t\t\t\t\t<\/div>\n\t\t\t\t<\/div>\n\t\t\t\t\t<\/div>\n\t\t\t\t<\/div>\n\t\t\t\t<\/div>\n\t\t","protected":false},"excerpt":{"rendered":"<p>Aviso legal I.- Condi\u00e7\u00f5es de utiliza\u00e7\u00e3o. www.www.taesa-gi.com \u00e9 um s\u00edtio Web propriedade de Taesa Grupo Industrial, com sede social na [&hellip;]<\/p>\n","protected":false},"author":5,"featured_media":0,"parent":0,"menu_order":0,"comment_status":"closed","ping_status":"closed","template":"","meta":{"_acf_changed":false,"site-sidebar-layout":"no-sidebar","site-content-layout":"","ast-site-content-layout":"full-width-container","site-content-style":"default","site-sidebar-style":"default","ast-global-header-display":"","ast-banner-title-visibility":"","ast-main-header-display":"","ast-hfb-above-header-display":"","ast-hfb-below-header-display":"","ast-hfb-mobile-header-display":"","site-post-title":"disabled","ast-breadcrumbs-content":"","ast-featured-img":"disabled","footer-sml-layout":"","ast-disable-related-posts":"","theme-transparent-header-meta":"","adv-header-id-meta":"","stick-header-meta":"","header-above-stick-meta":"","header-main-stick-meta":"","header-below-stick-meta":"","astra-migrate-meta-layouts":"default","ast-page-background-enabled":"default","ast-page-background-meta":{"desktop":{"background-color":"var(--ast-global-color-4)","background-image":"","background-repeat":"repeat","background-position":"center center","background-size":"auto","background-attachment":"scroll","background-type":"","background-media":"","overlay-type":"","overlay-color":"","overlay-opacity":"","overlay-gradient":""},"tablet":{"background-color":"","background-image":"","background-repeat":"repeat","background-position":"center center","background-size":"auto","background-attachment":"scroll","background-type":"","background-media":"","overlay-type":"","overlay-color":"","overlay-opacity":"","overlay-gradient":""},"mobile":{"background-color":"","background-image":"","background-repeat":"repeat","background-position":"center center","background-size":"auto","background-attachment":"scroll","background-type":"","background-media":"","overlay-type":"","overlay-color":"","overlay-opacity":"","overlay-gradient":""}},"ast-content-background-meta":{"desktop":{"background-color":"var(--ast-global-color-5)","background-image":"","background-repeat":"repeat","background-position":"center center","background-size":"auto","background-attachment":"scroll","background-type":"","background-media":"","overlay-type":"","overlay-color":"","overlay-opacity":"","overlay-gradient":""},"tablet":{"background-color":"var(--ast-global-color-5)","background-image":"","background-repeat":"repeat","background-position":"center center","background-size":"auto","background-attachment":"scroll","background-type":"","background-media":"","overlay-type":"","overlay-color":"","overlay-opacity":"","overlay-gradient":""},"mobile":{"background-color":"var(--ast-global-color-5)","background-image":"","background-repeat":"repeat","background-position":"center center","background-size":"auto","background-attachment":"scroll","background-type":"","background-media":"","overlay-type":"","overlay-color":"","overlay-opacity":"","overlay-gradient":""}},"footnotes":""},"class_list":["post-5330","page","type-page","status-publish","hentry"],"acf":[],"yoast_head":"<!-- This site is optimized with the Yoast SEO plugin v27.5 - https:\/\/yoast.com\/product\/yoast-seo-wordpress\/ -->\n<title>Aviso legal - Taesa<\/title>\n<meta name=\"robots\" content=\"index, follow, max-snippet:-1, max-image-preview:large, max-video-preview:-1\" \/>\n<link rel=\"canonical\" href=\"https:\/\/www.taesa-gi.com\/pt-pt\/aviso-legal\/\" \/>\n<meta property=\"og:locale\" content=\"pt_PT\" \/>\n<meta property=\"og:type\" content=\"article\" \/>\n<meta property=\"og:title\" content=\"Aviso legal - Taesa\" \/>\n<meta property=\"og:description\" content=\"Aviso legal I.- Condi\u00e7\u00f5es de utiliza\u00e7\u00e3o. www.www.taesa-gi.com \u00e9 um s\u00edtio Web propriedade de Taesa Grupo Industrial, com sede social na [&hellip;]\" \/>\n<meta property=\"og:url\" content=\"https:\/\/www.taesa-gi.com\/pt-pt\/aviso-legal\/\" \/>\n<meta property=\"og:site_name\" content=\"Taesa\" \/>\n<meta property=\"article:modified_time\" content=\"2024-08-09T15:28:01+00:00\" \/>\n<meta name=\"twitter:card\" content=\"summary_large_image\" \/>\n<meta name=\"twitter:label1\" content=\"Tempo estimado de leitura\" \/>\n\t<meta name=\"twitter:data1\" content=\"4 minutos\" \/>\n<script type=\"application\/ld+json\" class=\"yoast-schema-graph\">{\"@context\":\"https:\\\/\\\/schema.org\",\"@graph\":[{\"@type\":\"WebPage\",\"@id\":\"https:\\\/\\\/www.taesa-gi.com\\\/pt-pt\\\/aviso-legal\\\/\",\"url\":\"https:\\\/\\\/www.taesa-gi.com\\\/pt-pt\\\/aviso-legal\\\/\",\"name\":\"Aviso legal - Taesa\",\"isPartOf\":{\"@id\":\"https:\\\/\\\/www.taesa-gi.com\\\/pt-pt\\\/#website\"},\"datePublished\":\"2024-07-01T22:42:14+00:00\",\"dateModified\":\"2024-08-09T15:28:01+00:00\",\"breadcrumb\":{\"@id\":\"https:\\\/\\\/www.taesa-gi.com\\\/pt-pt\\\/aviso-legal\\\/#breadcrumb\"},\"inLanguage\":\"pt-PT\",\"potentialAction\":[{\"@type\":\"ReadAction\",\"target\":[\"https:\\\/\\\/www.taesa-gi.com\\\/pt-pt\\\/aviso-legal\\\/\"]}]},{\"@type\":\"BreadcrumbList\",\"@id\":\"https:\\\/\\\/www.taesa-gi.com\\\/pt-pt\\\/aviso-legal\\\/#breadcrumb\",\"itemListElement\":[{\"@type\":\"ListItem\",\"position\":1,\"name\":\"Portada\",\"item\":\"https:\\\/\\\/www.taesa-gi.com\\\/pt-pt\\\/\"},{\"@type\":\"ListItem\",\"position\":2,\"name\":\"Aviso legal\"}]},{\"@type\":\"WebSite\",\"@id\":\"https:\\\/\\\/www.taesa-gi.com\\\/pt-pt\\\/#website\",\"url\":\"https:\\\/\\\/www.taesa-gi.com\\\/pt-pt\\\/\",\"name\":\"Taesa\",\"description\":\"Taesa grupo industrial\",\"publisher\":{\"@id\":\"https:\\\/\\\/www.taesa-gi.com\\\/pt-pt\\\/#organization\"},\"potentialAction\":[{\"@type\":\"SearchAction\",\"target\":{\"@type\":\"EntryPoint\",\"urlTemplate\":\"https:\\\/\\\/www.taesa-gi.com\\\/pt-pt\\\/?s={search_term_string}\"},\"query-input\":{\"@type\":\"PropertyValueSpecification\",\"valueRequired\":true,\"valueName\":\"search_term_string\"}}],\"inLanguage\":\"pt-PT\"},{\"@type\":\"Organization\",\"@id\":\"https:\\\/\\\/www.taesa-gi.com\\\/pt-pt\\\/#organization\",\"name\":\"Taesa\",\"url\":\"https:\\\/\\\/www.taesa-gi.com\\\/pt-pt\\\/\",\"logo\":{\"@type\":\"ImageObject\",\"inLanguage\":\"pt-PT\",\"@id\":\"https:\\\/\\\/www.taesa-gi.com\\\/pt-pt\\\/#\\\/schema\\\/logo\\\/image\\\/\",\"url\":\"https:\\\/\\\/www.taesa-gi.com\\\/wp-content\\\/uploads\\\/2024\\\/06\\\/logo.webp\",\"contentUrl\":\"https:\\\/\\\/www.taesa-gi.com\\\/wp-content\\\/uploads\\\/2024\\\/06\\\/logo.webp\",\"width\":368,\"height\":158,\"caption\":\"Taesa\"},\"image\":{\"@id\":\"https:\\\/\\\/www.taesa-gi.com\\\/pt-pt\\\/#\\\/schema\\\/logo\\\/image\\\/\"}}]}<\/script>\n<!-- \/ Yoast SEO plugin. -->","yoast_head_json":{"title":"Aviso legal - Taesa","robots":{"index":"index","follow":"follow","max-snippet":"max-snippet:-1","max-image-preview":"max-image-preview:large","max-video-preview":"max-video-preview:-1"},"canonical":"https:\/\/www.taesa-gi.com\/pt-pt\/aviso-legal\/","og_locale":"pt_PT","og_type":"article","og_title":"Aviso legal - Taesa","og_description":"Aviso legal I.- Condi\u00e7\u00f5es de utiliza\u00e7\u00e3o. www.www.taesa-gi.com \u00e9 um s\u00edtio Web propriedade de Taesa Grupo Industrial, com sede social na [&hellip;]","og_url":"https:\/\/www.taesa-gi.com\/pt-pt\/aviso-legal\/","og_site_name":"Taesa","article_modified_time":"2024-08-09T15:28:01+00:00","twitter_card":"summary_large_image","twitter_misc":{"Tempo estimado de leitura":"4 minutos"},"schema":{"@context":"https:\/\/schema.org","@graph":[{"@type":"WebPage","@id":"https:\/\/www.taesa-gi.com\/pt-pt\/aviso-legal\/","url":"https:\/\/www.taesa-gi.com\/pt-pt\/aviso-legal\/","name":"Aviso legal - Taesa","isPartOf":{"@id":"https:\/\/www.taesa-gi.com\/pt-pt\/#website"},"datePublished":"2024-07-01T22:42:14+00:00","dateModified":"2024-08-09T15:28:01+00:00","breadcrumb":{"@id":"https:\/\/www.taesa-gi.com\/pt-pt\/aviso-legal\/#breadcrumb"},"inLanguage":"pt-PT","potentialAction":[{"@type":"ReadAction","target":["https:\/\/www.taesa-gi.com\/pt-pt\/aviso-legal\/"]}]},{"@type":"BreadcrumbList","@id":"https:\/\/www.taesa-gi.com\/pt-pt\/aviso-legal\/#breadcrumb","itemListElement":[{"@type":"ListItem","position":1,"name":"Portada","item":"https:\/\/www.taesa-gi.com\/pt-pt\/"},{"@type":"ListItem","position":2,"name":"Aviso legal"}]},{"@type":"WebSite","@id":"https:\/\/www.taesa-gi.com\/pt-pt\/#website","url":"https:\/\/www.taesa-gi.com\/pt-pt\/","name":"Taesa","description":"Taesa grupo industrial","publisher":{"@id":"https:\/\/www.taesa-gi.com\/pt-pt\/#organization"},"potentialAction":[{"@type":"SearchAction","target":{"@type":"EntryPoint","urlTemplate":"https:\/\/www.taesa-gi.com\/pt-pt\/?s={search_term_string}"},"query-input":{"@type":"PropertyValueSpecification","valueRequired":true,"valueName":"search_term_string"}}],"inLanguage":"pt-PT"},{"@type":"Organization","@id":"https:\/\/www.taesa-gi.com\/pt-pt\/#organization","name":"Taesa","url":"https:\/\/www.taesa-gi.com\/pt-pt\/","logo":{"@type":"ImageObject","inLanguage":"pt-PT","@id":"https:\/\/www.taesa-gi.com\/pt-pt\/#\/schema\/logo\/image\/","url":"https:\/\/www.taesa-gi.com\/wp-content\/uploads\/2024\/06\/logo.webp","contentUrl":"https:\/\/www.taesa-gi.com\/wp-content\/uploads\/2024\/06\/logo.webp","width":368,"height":158,"caption":"Taesa"},"image":{"@id":"https:\/\/www.taesa-gi.com\/pt-pt\/#\/schema\/logo\/image\/"}}]}},"_links":{"self":[{"href":"https:\/\/www.taesa-gi.com\/pt-pt\/wp-json\/wp\/v2\/pages\/5330","targetHints":{"allow":["GET"]}}],"collection":[{"href":"https:\/\/www.taesa-gi.com\/pt-pt\/wp-json\/wp\/v2\/pages"}],"about":[{"href":"https:\/\/www.taesa-gi.com\/pt-pt\/wp-json\/wp\/v2\/types\/page"}],"author":[{"embeddable":true,"href":"https:\/\/www.taesa-gi.com\/pt-pt\/wp-json\/wp\/v2\/users\/5"}],"replies":[{"embeddable":true,"href":"https:\/\/www.taesa-gi.com\/pt-pt\/wp-json\/wp\/v2\/comments?post=5330"}],"version-history":[{"count":0,"href":"https:\/\/www.taesa-gi.com\/pt-pt\/wp-json\/wp\/v2\/pages\/5330\/revisions"}],"wp:attachment":[{"href":"https:\/\/www.taesa-gi.com\/pt-pt\/wp-json\/wp\/v2\/media?parent=5330"}],"curies":[{"name":"wp","href":"https:\/\/api.w.org\/{rel}","templated":true}]}}