{"id":4832,"date":"2024-06-22T03:19:20","date_gmt":"2024-06-22T01:19:20","guid":{"rendered":"https:\/\/www.taesa-gi.com\/tecnologia-inovacao-e-qualidade\/"},"modified":"2025-05-22T18:31:19","modified_gmt":"2025-05-22T16:31:19","slug":"tecnologia-inovacao-e-qualidade","status":"publish","type":"page","link":"https:\/\/www.taesa-gi.com\/pt-pt\/tecnologia-inovacao-e-qualidade\/","title":{"rendered":"Tecnologia, inova\u00e7\u00e3o e qualidade"},"content":{"rendered":"\t\t<div data-elementor-type=\"wp-page\" data-elementor-id=\"4832\" class=\"elementor elementor-4832 elementor-128\" data-elementor-post-type=\"page\">\n\t\t\t\t<div class=\"elementor-element elementor-element-e2312b0 e-flex e-con-boxed e-con e-parent\" data-id=\"e2312b0\" data-element_type=\"container\" data-e-type=\"container\" data-settings=\"{&quot;background_background&quot;:&quot;classic&quot;}\">\n\t\t\t\t\t<div class=\"e-con-inner\">\n\t\t<div class=\"elementor-element elementor-element-557076a e-con-full e-flex e-con e-child\" data-id=\"557076a\" data-element_type=\"container\" data-e-type=\"container\">\n\t\t\t\t<div class=\"elementor-element elementor-element-ed4fa9f elementor-widget elementor-widget-heading\" data-id=\"ed4fa9f\" data-element_type=\"widget\" data-e-type=\"widget\" data-widget_type=\"heading.default\">\n\t\t\t\t<div class=\"elementor-widget-container\">\n\t\t\t\t\t<h1 class=\"elementor-heading-title elementor-size-default\">Tecnologia, inova\u00e7\u00e3o e qualidade<\/h1>\t\t\t\t<\/div>\n\t\t\t\t<\/div>\n\t\t\t\t<\/div>\n\t\t<div class=\"elementor-element elementor-element-eba5f89 e-con-full elementor-hidden-tablet elementor-hidden-mobile e-flex e-con e-child\" data-id=\"eba5f89\" data-element_type=\"container\" data-e-type=\"container\">\n\t\t\t\t<\/div>\n\t\t\t\t\t<\/div>\n\t\t\t\t<\/div>\n\t\t<div class=\"elementor-element elementor-element-05d60f5 e-flex e-con-boxed e-con e-parent\" data-id=\"05d60f5\" data-element_type=\"container\" data-e-type=\"container\" data-settings=\"{&quot;background_background&quot;:&quot;classic&quot;,&quot;sticky&quot;:&quot;top&quot;,&quot;sticky_offset&quot;:120,&quot;sticky_on&quot;:[&quot;desktop&quot;,&quot;tablet&quot;,&quot;mobile&quot;],&quot;sticky_effects_offset&quot;:0,&quot;sticky_anchor_link_offset&quot;:0}\">\n\t\t\t\t\t<div class=\"e-con-inner\">\n\t\t\t\t<div class=\"elementor-element elementor-element-70681c8 elementor-icon-list--layout-inline elementor-align-start elementor-list-item-link-full_width elementor-widget elementor-widget-icon-list\" data-id=\"70681c8\" data-element_type=\"widget\" data-e-type=\"widget\" data-widget_type=\"icon-list.default\">\n\t\t\t\t<div class=\"elementor-widget-container\">\n\t\t\t\t\t\t\t<ul class=\"elementor-icon-list-items elementor-inline-items\">\n\t\t\t\t\t\t\t<li class=\"elementor-icon-list-item elementor-inline-item\">\n\t\t\t\t\t\t\t\t\t\t\t<a href=\"https:\/\/www.taesa-gi.com\/pt-pt\/\">\n\n\t\t\t\t\t\t\t\t\t\t\t<span class=\"elementor-icon-list-text\">Home<\/span>\n\t\t\t\t\t\t\t\t\t\t\t<\/a>\n\t\t\t\t\t\t\t\t\t<\/li>\n\t\t\t\t\t\t\t\t<li class=\"elementor-icon-list-item elementor-inline-item\">\n\t\t\t\t\t\t\t\t\t\t\t<span class=\"elementor-icon-list-icon\">\n\t\t\t\t\t\t\t<svg aria-hidden=\"true\" class=\"e-font-icon-svg e-fas-chevron-right\" viewBox=\"0 0 320 512\" xmlns=\"http:\/\/www.w3.org\/2000\/svg\"><path d=\"M285.476 272.971L91.132 467.314c-9.373 9.373-24.569 9.373-33.941 0l-22.667-22.667c-9.357-9.357-9.375-24.522-.04-33.901L188.505 256 34.484 101.255c-9.335-9.379-9.317-24.544.04-33.901l22.667-22.667c9.373-9.373 24.569-9.373 33.941 0L285.475 239.03c9.373 9.372 9.373 24.568.001 33.941z\"><\/path><\/svg>\t\t\t\t\t\t<\/span>\n\t\t\t\t\t\t\t\t\t\t<span class=\"elementor-icon-list-text\">Sobre Taesa<\/span>\n\t\t\t\t\t\t\t\t\t<\/li>\n\t\t\t\t\t\t\t\t<li class=\"elementor-icon-list-item elementor-inline-item\">\n\t\t\t\t\t\t\t\t\t\t\t<span class=\"elementor-icon-list-icon\">\n\t\t\t\t\t\t\t<svg aria-hidden=\"true\" class=\"e-font-icon-svg e-fas-chevron-right\" viewBox=\"0 0 320 512\" xmlns=\"http:\/\/www.w3.org\/2000\/svg\"><path d=\"M285.476 272.971L91.132 467.314c-9.373 9.373-24.569 9.373-33.941 0l-22.667-22.667c-9.357-9.357-9.375-24.522-.04-33.901L188.505 256 34.484 101.255c-9.335-9.379-9.317-24.544.04-33.901l22.667-22.667c9.373-9.373 24.569-9.373 33.941 0L285.475 239.03c9.373 9.372 9.373 24.568.001 33.941z\"><\/path><\/svg>\t\t\t\t\t\t<\/span>\n\t\t\t\t\t\t\t\t\t\t<span class=\"elementor-icon-list-text\">Tecnologia para a ind\u00fastria da carne<\/span>\n\t\t\t\t\t\t\t\t\t<\/li>\n\t\t\t\t\t\t<\/ul>\n\t\t\t\t\t\t<\/div>\n\t\t\t\t<\/div>\n\t\t\t\t\t<\/div>\n\t\t\t\t<\/div>\n\t\t<div class=\"elementor-element elementor-element-0461902 e-flex e-con-boxed e-con e-parent\" data-id=\"0461902\" data-element_type=\"container\" data-e-type=\"container\">\n\t\t\t\t\t<div class=\"e-con-inner\">\n\t\t\t\t<div class=\"elementor-element elementor-element-d797bb4 elementor-widget elementor-widget-heading\" data-id=\"d797bb4\" data-element_type=\"widget\" data-e-type=\"widget\" data-widget_type=\"heading.default\">\n\t\t\t\t<div class=\"elementor-widget-container\">\n\t\t\t\t\t<h2 class=\"elementor-heading-title elementor-size-default\">TAESA: Uma hist\u00f3ria que acompanha a evolu\u00e7\u00e3o da ind\u00fastria da carne.<\/h2>\t\t\t\t<\/div>\n\t\t\t\t<\/div>\n\t\t\t\t<div class=\"elementor-element elementor-element-93697f4 elementor-widget elementor-widget-image\" data-id=\"93697f4\" data-element_type=\"widget\" data-e-type=\"widget\" data-widget_type=\"image.default\">\n\t\t\t\t<div class=\"elementor-widget-container\">\n\t\t\t\t\t\t\t\t\t\t\t\t<figure class=\"wp-caption\">\n\t\t\t\t\t\t\t\t\t\t<img fetchpriority=\"high\" decoding=\"async\" width=\"1920\" height=\"1232\" src=\"https:\/\/www.taesa-gi.com\/wp-content\/uploads\/2024\/08\/slider-3.webp\" class=\"attachment-full size-full wp-image-7296\" alt=\"\" srcset=\"https:\/\/www.taesa-gi.com\/wp-content\/uploads\/2024\/08\/slider-3.webp 1920w, https:\/\/www.taesa-gi.com\/wp-content\/uploads\/2024\/08\/slider-3-300x193.webp 300w, https:\/\/www.taesa-gi.com\/wp-content\/uploads\/2024\/08\/slider-3-1024x657.webp 1024w, https:\/\/www.taesa-gi.com\/wp-content\/uploads\/2024\/08\/slider-3-768x493.webp 768w, https:\/\/www.taesa-gi.com\/wp-content\/uploads\/2024\/08\/slider-3-1536x986.webp 1536w\" sizes=\"(max-width: 1920px) 100vw, 1920px\" \/>\t\t\t\t\t\t\t\t\t\t\t<figcaption class=\"widget-image-caption wp-caption-text\">F\u00e1brica da TAESA no Brasil<\/figcaption>\n\t\t\t\t\t\t\t\t\t\t<\/figure>\n\t\t\t\t\t\t\t\t\t<\/div>\n\t\t\t\t<\/div>\n\t\t\t\t\t<\/div>\n\t\t\t\t<\/div>\n\t\t<div class=\"elementor-element elementor-element-d7b3fbf e-flex e-con-boxed e-con e-parent\" data-id=\"d7b3fbf\" data-element_type=\"container\" data-e-type=\"container\">\n\t\t\t\t\t<div class=\"e-con-inner\">\n\t\t\t\t<div class=\"elementor-element elementor-element-dab4880 elementor-widget elementor-widget-text-editor\" data-id=\"dab4880\" data-element_type=\"widget\" data-e-type=\"widget\" data-widget_type=\"text-editor.default\">\n\t\t\t\t<div class=\"elementor-widget-container\">\n\t\t\t\t\t\t\t\t\t<p>De Aranda de Duero, Espanha, para o mundo. De uma empresa criada em 1954 com foco no fabrico e repara\u00e7\u00e3o de equipamentos agr\u00edcolas a uma marca conhecida mundialmente e reconhecida pela sua excel\u00eancia na conce\u00e7\u00e3o e produ\u00e7\u00e3o de equipamentos que satisfazem as mais elevadas exig\u00eancias da ind\u00fastria de refrigera\u00e7\u00e3o do s\u00e9culo XXI. Esta \u00e9 a hist\u00f3ria da TAESA, uma empresa familiar que encontrou na tradi\u00e7\u00e3o e no compromisso com os seus valores originais o caminho para se expandir e consolidar como um ator relevante no cen\u00e1rio global.  <\/p><p>Esta trajet\u00f3ria ascendente s\u00f3 foi poss\u00edvel gra\u00e7as \u00e0 vis\u00e3o e gest\u00e3o consistentes dos seus fundadores, que ao longo dos anos t\u00eam trabalhado para o desenvolvimento global da marca TAESA, para alcan\u00e7ar o reconhecimento no sector da ind\u00fastria da carne devido ao know-how dos processos de produ\u00e7\u00e3o e \u00e0 qualidade das solu\u00e7\u00f5es propostas.<\/p><p><strong><u>Crescer com os clientes, aprender com a experi\u00eancia acumulada<\/u><\/strong><\/p><p>O objetivo de crescer em conjunto com clientes e fornecedores de uma forma consistente e eficaz, consolidando o sucesso e ganhando experi\u00eancia pr\u00e1tica, fez com que<\/p><p>A TAESA \u00e9 uma empresa que est\u00e1 muito em sintonia com as necessidades do sector da carne. Al\u00e9m disso, os valores partilhados pelos seus colaboradores em todo o mundo, como a determina\u00e7\u00e3o, a disciplina, a atitude de parceria, a disponibilidade, a simplicidade, a abertura e a humildade, contribuem para o estabelecimento de boas rela\u00e7\u00f5es e para a constru\u00e7\u00e3o de confian\u00e7a. <\/p><p>Atualmente, a TAESA disp\u00f5e de solu\u00e7\u00f5es completas para o abate de bovinos, su\u00ednos e ovinos que est\u00e3o em sintonia com as necessidades da ind\u00fastria de transforma\u00e7\u00e3o de carnes, n\u00e3o s\u00f3 em termos de produtividade, cumprimento das normas sanit\u00e1rias, garantia de qualidade e melhor utiliza\u00e7\u00e3o das mat\u00e9rias-primas nos processos, poupando recursos como a \u00e1gua, a energia e o bem-estar animal.<\/p><p>Vale ressaltar tamb\u00e9m que as solu\u00e7\u00f5es da TAESA est\u00e3o alinhadas com as premissas de boas pr\u00e1ticas ambientais e sociais. Vale lembrar que o ESG, sigla que significa environmental, social and governance, \u00e9 um princ\u00edpio que est\u00e1 norteando a conduta de empresas em todo o mundo e a ind\u00fastria aliment\u00edcia n\u00e3o fica de fora.<\/p><p>No desenvolvimento das suas solu\u00e7\u00f5es, a TAESA tem em conta factores como a ergonomia e a seguran\u00e7a dos trabalhadores da ind\u00fastria frigor\u00edfica. No que respeita ao ambiente, a TAESA fornece, atrav\u00e9s da marca DEON, solu\u00e7\u00f5es completas para o tratamento dos efluentes que servem as instala\u00e7\u00f5es frigor\u00edficas de todas as produ\u00e7\u00f5es. <\/p><p>Existe tamb\u00e9m uma linha completa de transportadores e acess\u00f3rios, para completar uma carteira muito ampla de solu\u00e7\u00f5es para a ind\u00fastria.<\/p><p><strong><u>A melhor tecnologia para cada frigor\u00edfico<\/u><\/strong><\/p><p>Com este repert\u00f3rio, tecnologia de ponta e uma equipa de engenheiros experientes e qualificados, a TAESA desenvolveu projectos personalizados, forneceu equipamentos e projectos para chillers localizados em diferentes zonas do mundo: Europa, Am\u00e9rica, \u00c1sia e \u00c1frica.<\/p><p>Para al\u00e9m da f\u00e1brica em Espanha, a empresa investe na produ\u00e7\u00e3o local em pa\u00edses estrat\u00e9gicos como o M\u00e9xico, a Arg\u00e9lia e o Brasil, sendo este \u00faltimo n\u00e3o s\u00f3 uma pot\u00eancia mundial na produ\u00e7\u00e3o de alimentos, mas tamb\u00e9m consolidando a sua posi\u00e7\u00e3o como um dos principais intervenientes no mercado das prote\u00ednas animais, tanto para o mercado local como para a exporta\u00e7\u00e3o.<\/p><p>Portanto, h\u00e1 tamb\u00e9m uma maior facilidade para atender a Am\u00e9rica do Sul devido \u00e0 proximidade com outros dois pa\u00edses de expressiva produ\u00e7\u00e3o como Argentina e Uruguai.<\/p><p>Uma empresa sintonizada com os desejos dos clientes e que entende as exig\u00eancias dos consumidores em rela\u00e7\u00e3o \u00e0 prote\u00edna animal. O melhor da tecnologia \u00e9 a tradi\u00e7\u00e3o capaz de transmitir confian\u00e7a e estabelecer rela\u00e7\u00f5es s\u00f3lidas. <\/p><p>Na TAESA, estamos preparados para mais conquistas nos pr\u00f3ximos anos, uma vez que \u00e9 necess\u00e1rio colocar alimentos de qualidade nos pratos de milhares de pessoas em todo o mundo.<\/p>\t\t\t\t\t\t\t\t<\/div>\n\t\t\t\t<\/div>\n\t\t\t\t\t<\/div>\n\t\t\t\t<\/div>\n\t\t\t\t<\/div>\n\t\t","protected":false},"excerpt":{"rendered":"<p>Tecnologia, inova\u00e7\u00e3o e qualidade Home Sobre Taesa Tecnologia para a ind\u00fastria da carne TAESA: Uma hist\u00f3ria que acompanha a evolu\u00e7\u00e3o [&hellip;]<\/p>\n","protected":false},"author":5,"featured_media":0,"parent":0,"menu_order":0,"comment_status":"closed","ping_status":"closed","template":"","meta":{"_acf_changed":false,"site-sidebar-layout":"no-sidebar","site-content-layout":"","ast-site-content-layout":"full-width-container","site-content-style":"default","site-sidebar-style":"default","ast-global-header-display":"","ast-banner-title-visibility":"","ast-main-header-display":"","ast-hfb-above-header-display":"","ast-hfb-below-header-display":"","ast-hfb-mobile-header-display":"","site-post-title":"disabled","ast-breadcrumbs-content":"","ast-featured-img":"disabled","footer-sml-layout":"","ast-disable-related-posts":"","theme-transparent-header-meta":"","adv-header-id-meta":"","stick-header-meta":"","header-above-stick-meta":"","header-main-stick-meta":"","header-below-stick-meta":"","astra-migrate-meta-layouts":"default","ast-page-background-enabled":"default","ast-page-background-meta":{"desktop":{"background-color":"var(--ast-global-color-4)","background-image":"","background-repeat":"repeat","background-position":"center center","background-size":"auto","background-attachment":"scroll","background-type":"","background-media":"","overlay-type":"","overlay-color":"","overlay-opacity":"","overlay-gradient":""},"tablet":{"background-color":"","background-image":"","background-repeat":"repeat","background-position":"center center","background-size":"auto","background-attachment":"scroll","background-type":"","background-media":"","overlay-type":"","overlay-color":"","overlay-opacity":"","overlay-gradient":""},"mobile":{"background-color":"","background-image":"","background-repeat":"repeat","background-position":"center center","background-size":"auto","background-attachment":"scroll","background-type":"","background-media":"","overlay-type":"","overlay-color":"","overlay-opacity":"","overlay-gradient":""}},"ast-content-background-meta":{"desktop":{"background-color":"var(--ast-global-color-5)","background-image":"","background-repeat":"repeat","background-position":"center center","background-size":"auto","background-attachment":"scroll","background-type":"","background-media":"","overlay-type":"","overlay-color":"","overlay-opacity":"","overlay-gradient":""},"tablet":{"background-color":"var(--ast-global-color-5)","background-image":"","background-repeat":"repeat","background-position":"center center","background-size":"auto","background-attachment":"scroll","background-type":"","background-media":"","overlay-type":"","overlay-color":"","overlay-opacity":"","overlay-gradient":""},"mobile":{"background-color":"var(--ast-global-color-5)","background-image":"","background-repeat":"repeat","background-position":"center center","background-size":"auto","background-attachment":"scroll","background-type":"","background-media":"","overlay-type":"","overlay-color":"","overlay-opacity":"","overlay-gradient":""}},"footnotes":""},"class_list":["post-4832","page","type-page","status-publish","hentry"],"acf":[],"yoast_head":"<!-- This site is optimized with the Yoast SEO plugin v27.5 - https:\/\/yoast.com\/product\/yoast-seo-wordpress\/ -->\n<title>Tecnologia, inova\u00e7\u00e3o e qualidade - Taesa<\/title>\n<meta name=\"robots\" content=\"index, follow, max-snippet:-1, max-image-preview:large, max-video-preview:-1\" \/>\n<link rel=\"canonical\" href=\"https:\/\/www.taesa-gi.com\/pt-pt\/tecnologia-inovacao-e-qualidade\/\" \/>\n<meta property=\"og:locale\" content=\"pt_PT\" \/>\n<meta property=\"og:type\" content=\"article\" \/>\n<meta property=\"og:title\" content=\"Tecnologia, inova\u00e7\u00e3o e qualidade - Taesa\" \/>\n<meta property=\"og:description\" content=\"Tecnologia, inova\u00e7\u00e3o e qualidade Home Sobre Taesa Tecnologia para a ind\u00fastria da carne TAESA: Uma hist\u00f3ria que acompanha a evolu\u00e7\u00e3o [&hellip;]\" \/>\n<meta property=\"og:url\" content=\"https:\/\/www.taesa-gi.com\/pt-pt\/tecnologia-inovacao-e-qualidade\/\" \/>\n<meta property=\"og:site_name\" content=\"Taesa\" \/>\n<meta property=\"article:modified_time\" content=\"2025-05-22T16:31:19+00:00\" \/>\n<meta property=\"og:image\" content=\"https:\/\/www.taesa-gi.com:8081\/wp-content\/uploads\/2024\/08\/slider-3.webp\" \/>\n<meta name=\"twitter:card\" content=\"summary_large_image\" \/>\n<meta name=\"twitter:label1\" content=\"Tempo estimado de leitura\" \/>\n\t<meta name=\"twitter:data1\" content=\"4 minutos\" \/>\n<script type=\"application\/ld+json\" class=\"yoast-schema-graph\">{\"@context\":\"https:\\\/\\\/schema.org\",\"@graph\":[{\"@type\":\"WebPage\",\"@id\":\"https:\\\/\\\/www.taesa-gi.com\\\/pt-pt\\\/tecnologia-inovacao-e-qualidade\\\/\",\"url\":\"https:\\\/\\\/www.taesa-gi.com\\\/pt-pt\\\/tecnologia-inovacao-e-qualidade\\\/\",\"name\":\"Tecnologia, inova\u00e7\u00e3o e qualidade - Taesa\",\"isPartOf\":{\"@id\":\"https:\\\/\\\/www.taesa-gi.com\\\/pt-pt\\\/#website\"},\"primaryImageOfPage\":{\"@id\":\"https:\\\/\\\/www.taesa-gi.com\\\/pt-pt\\\/tecnologia-inovacao-e-qualidade\\\/#primaryimage\"},\"image\":{\"@id\":\"https:\\\/\\\/www.taesa-gi.com\\\/pt-pt\\\/tecnologia-inovacao-e-qualidade\\\/#primaryimage\"},\"thumbnailUrl\":\"https:\\\/\\\/www.taesa-gi.com:8081\\\/wp-content\\\/uploads\\\/2024\\\/08\\\/slider-3.webp\",\"datePublished\":\"2024-06-22T01:19:20+00:00\",\"dateModified\":\"2025-05-22T16:31:19+00:00\",\"breadcrumb\":{\"@id\":\"https:\\\/\\\/www.taesa-gi.com\\\/pt-pt\\\/tecnologia-inovacao-e-qualidade\\\/#breadcrumb\"},\"inLanguage\":\"pt-PT\",\"potentialAction\":[{\"@type\":\"ReadAction\",\"target\":[\"https:\\\/\\\/www.taesa-gi.com\\\/pt-pt\\\/tecnologia-inovacao-e-qualidade\\\/\"]}]},{\"@type\":\"ImageObject\",\"inLanguage\":\"pt-PT\",\"@id\":\"https:\\\/\\\/www.taesa-gi.com\\\/pt-pt\\\/tecnologia-inovacao-e-qualidade\\\/#primaryimage\",\"url\":\"https:\\\/\\\/www.taesa-gi.com:8081\\\/wp-content\\\/uploads\\\/2024\\\/08\\\/slider-3.webp\",\"contentUrl\":\"https:\\\/\\\/www.taesa-gi.com:8081\\\/wp-content\\\/uploads\\\/2024\\\/08\\\/slider-3.webp\"},{\"@type\":\"BreadcrumbList\",\"@id\":\"https:\\\/\\\/www.taesa-gi.com\\\/pt-pt\\\/tecnologia-inovacao-e-qualidade\\\/#breadcrumb\",\"itemListElement\":[{\"@type\":\"ListItem\",\"position\":1,\"name\":\"Portada\",\"item\":\"https:\\\/\\\/www.taesa-gi.com\\\/pt-pt\\\/\"},{\"@type\":\"ListItem\",\"position\":2,\"name\":\"Tecnologia, inova\u00e7\u00e3o e qualidade\"}]},{\"@type\":\"WebSite\",\"@id\":\"https:\\\/\\\/www.taesa-gi.com\\\/pt-pt\\\/#website\",\"url\":\"https:\\\/\\\/www.taesa-gi.com\\\/pt-pt\\\/\",\"name\":\"Taesa\",\"description\":\"Taesa grupo industrial\",\"publisher\":{\"@id\":\"https:\\\/\\\/www.taesa-gi.com\\\/pt-pt\\\/#organization\"},\"potentialAction\":[{\"@type\":\"SearchAction\",\"target\":{\"@type\":\"EntryPoint\",\"urlTemplate\":\"https:\\\/\\\/www.taesa-gi.com\\\/pt-pt\\\/?s={search_term_string}\"},\"query-input\":{\"@type\":\"PropertyValueSpecification\",\"valueRequired\":true,\"valueName\":\"search_term_string\"}}],\"inLanguage\":\"pt-PT\"},{\"@type\":\"Organization\",\"@id\":\"https:\\\/\\\/www.taesa-gi.com\\\/pt-pt\\\/#organization\",\"name\":\"Taesa\",\"url\":\"https:\\\/\\\/www.taesa-gi.com\\\/pt-pt\\\/\",\"logo\":{\"@type\":\"ImageObject\",\"inLanguage\":\"pt-PT\",\"@id\":\"https:\\\/\\\/www.taesa-gi.com\\\/pt-pt\\\/#\\\/schema\\\/logo\\\/image\\\/\",\"url\":\"https:\\\/\\\/www.taesa-gi.com\\\/wp-content\\\/uploads\\\/2024\\\/06\\\/logo.webp\",\"contentUrl\":\"https:\\\/\\\/www.taesa-gi.com\\\/wp-content\\\/uploads\\\/2024\\\/06\\\/logo.webp\",\"width\":368,\"height\":158,\"caption\":\"Taesa\"},\"image\":{\"@id\":\"https:\\\/\\\/www.taesa-gi.com\\\/pt-pt\\\/#\\\/schema\\\/logo\\\/image\\\/\"}}]}<\/script>\n<!-- \/ Yoast SEO plugin. -->","yoast_head_json":{"title":"Tecnologia, inova\u00e7\u00e3o e qualidade - Taesa","robots":{"index":"index","follow":"follow","max-snippet":"max-snippet:-1","max-image-preview":"max-image-preview:large","max-video-preview":"max-video-preview:-1"},"canonical":"https:\/\/www.taesa-gi.com\/pt-pt\/tecnologia-inovacao-e-qualidade\/","og_locale":"pt_PT","og_type":"article","og_title":"Tecnologia, inova\u00e7\u00e3o e qualidade - Taesa","og_description":"Tecnologia, inova\u00e7\u00e3o e qualidade Home Sobre Taesa Tecnologia para a ind\u00fastria da carne TAESA: Uma hist\u00f3ria que acompanha a evolu\u00e7\u00e3o [&hellip;]","og_url":"https:\/\/www.taesa-gi.com\/pt-pt\/tecnologia-inovacao-e-qualidade\/","og_site_name":"Taesa","article_modified_time":"2025-05-22T16:31:19+00:00","og_image":[{"url":"https:\/\/www.taesa-gi.com:8081\/wp-content\/uploads\/2024\/08\/slider-3.webp","type":"","width":"","height":""}],"twitter_card":"summary_large_image","twitter_misc":{"Tempo estimado de leitura":"4 minutos"},"schema":{"@context":"https:\/\/schema.org","@graph":[{"@type":"WebPage","@id":"https:\/\/www.taesa-gi.com\/pt-pt\/tecnologia-inovacao-e-qualidade\/","url":"https:\/\/www.taesa-gi.com\/pt-pt\/tecnologia-inovacao-e-qualidade\/","name":"Tecnologia, inova\u00e7\u00e3o e qualidade - Taesa","isPartOf":{"@id":"https:\/\/www.taesa-gi.com\/pt-pt\/#website"},"primaryImageOfPage":{"@id":"https:\/\/www.taesa-gi.com\/pt-pt\/tecnologia-inovacao-e-qualidade\/#primaryimage"},"image":{"@id":"https:\/\/www.taesa-gi.com\/pt-pt\/tecnologia-inovacao-e-qualidade\/#primaryimage"},"thumbnailUrl":"https:\/\/www.taesa-gi.com:8081\/wp-content\/uploads\/2024\/08\/slider-3.webp","datePublished":"2024-06-22T01:19:20+00:00","dateModified":"2025-05-22T16:31:19+00:00","breadcrumb":{"@id":"https:\/\/www.taesa-gi.com\/pt-pt\/tecnologia-inovacao-e-qualidade\/#breadcrumb"},"inLanguage":"pt-PT","potentialAction":[{"@type":"ReadAction","target":["https:\/\/www.taesa-gi.com\/pt-pt\/tecnologia-inovacao-e-qualidade\/"]}]},{"@type":"ImageObject","inLanguage":"pt-PT","@id":"https:\/\/www.taesa-gi.com\/pt-pt\/tecnologia-inovacao-e-qualidade\/#primaryimage","url":"https:\/\/www.taesa-gi.com:8081\/wp-content\/uploads\/2024\/08\/slider-3.webp","contentUrl":"https:\/\/www.taesa-gi.com:8081\/wp-content\/uploads\/2024\/08\/slider-3.webp"},{"@type":"BreadcrumbList","@id":"https:\/\/www.taesa-gi.com\/pt-pt\/tecnologia-inovacao-e-qualidade\/#breadcrumb","itemListElement":[{"@type":"ListItem","position":1,"name":"Portada","item":"https:\/\/www.taesa-gi.com\/pt-pt\/"},{"@type":"ListItem","position":2,"name":"Tecnologia, inova\u00e7\u00e3o e qualidade"}]},{"@type":"WebSite","@id":"https:\/\/www.taesa-gi.com\/pt-pt\/#website","url":"https:\/\/www.taesa-gi.com\/pt-pt\/","name":"Taesa","description":"Taesa grupo industrial","publisher":{"@id":"https:\/\/www.taesa-gi.com\/pt-pt\/#organization"},"potentialAction":[{"@type":"SearchAction","target":{"@type":"EntryPoint","urlTemplate":"https:\/\/www.taesa-gi.com\/pt-pt\/?s={search_term_string}"},"query-input":{"@type":"PropertyValueSpecification","valueRequired":true,"valueName":"search_term_string"}}],"inLanguage":"pt-PT"},{"@type":"Organization","@id":"https:\/\/www.taesa-gi.com\/pt-pt\/#organization","name":"Taesa","url":"https:\/\/www.taesa-gi.com\/pt-pt\/","logo":{"@type":"ImageObject","inLanguage":"pt-PT","@id":"https:\/\/www.taesa-gi.com\/pt-pt\/#\/schema\/logo\/image\/","url":"https:\/\/www.taesa-gi.com\/wp-content\/uploads\/2024\/06\/logo.webp","contentUrl":"https:\/\/www.taesa-gi.com\/wp-content\/uploads\/2024\/06\/logo.webp","width":368,"height":158,"caption":"Taesa"},"image":{"@id":"https:\/\/www.taesa-gi.com\/pt-pt\/#\/schema\/logo\/image\/"}}]}},"_links":{"self":[{"href":"https:\/\/www.taesa-gi.com\/pt-pt\/wp-json\/wp\/v2\/pages\/4832","targetHints":{"allow":["GET"]}}],"collection":[{"href":"https:\/\/www.taesa-gi.com\/pt-pt\/wp-json\/wp\/v2\/pages"}],"about":[{"href":"https:\/\/www.taesa-gi.com\/pt-pt\/wp-json\/wp\/v2\/types\/page"}],"author":[{"embeddable":true,"href":"https:\/\/www.taesa-gi.com\/pt-pt\/wp-json\/wp\/v2\/users\/5"}],"replies":[{"embeddable":true,"href":"https:\/\/www.taesa-gi.com\/pt-pt\/wp-json\/wp\/v2\/comments?post=4832"}],"version-history":[{"count":3,"href":"https:\/\/www.taesa-gi.com\/pt-pt\/wp-json\/wp\/v2\/pages\/4832\/revisions"}],"predecessor-version":[{"id":12585,"href":"https:\/\/www.taesa-gi.com\/pt-pt\/wp-json\/wp\/v2\/pages\/4832\/revisions\/12585"}],"wp:attachment":[{"href":"https:\/\/www.taesa-gi.com\/pt-pt\/wp-json\/wp\/v2\/media?parent=4832"}],"curies":[{"name":"wp","href":"https:\/\/api.w.org\/{rel}","templated":true}]}}