{"id":4828,"date":"2024-06-22T03:18:42","date_gmt":"2024-06-22T01:18:42","guid":{"rendered":"https:\/\/www.taesa-gi.com\/visao-geral-da-empresa\/"},"modified":"2025-02-19T10:05:41","modified_gmt":"2025-02-19T09:05:41","slug":"visao-geral-da-empresa","status":"publish","type":"page","link":"https:\/\/www.taesa-gi.com\/pt-pt\/visao-geral-da-empresa\/","title":{"rendered":"Vis\u00e3o Geral da Empresa"},"content":{"rendered":"\t\t<div data-elementor-type=\"wp-page\" data-elementor-id=\"4828\" class=\"elementor elementor-4828 elementor-126\" data-elementor-post-type=\"page\">\n\t\t\t\t<div class=\"elementor-element elementor-element-8ecc8a0 e-flex e-con-boxed e-con e-parent\" data-id=\"8ecc8a0\" data-element_type=\"container\" data-e-type=\"container\" data-settings=\"{&quot;background_background&quot;:&quot;classic&quot;}\">\n\t\t\t\t\t<div class=\"e-con-inner\">\n\t\t<div class=\"elementor-element elementor-element-c6401ba e-con-full e-flex e-con e-child\" data-id=\"c6401ba\" data-element_type=\"container\" data-e-type=\"container\">\n\t\t\t\t<div class=\"elementor-element elementor-element-5a281b4 elementor-widget elementor-widget-heading\" data-id=\"5a281b4\" data-element_type=\"widget\" data-e-type=\"widget\" data-widget_type=\"heading.default\">\n\t\t\t\t<div class=\"elementor-widget-container\">\n\t\t\t\t\t<h1 class=\"elementor-heading-title elementor-size-default\">Vis\u00e3o Geral da Empresa<\/h1>\t\t\t\t<\/div>\n\t\t\t\t<\/div>\n\t\t\t\t<\/div>\n\t\t<div class=\"elementor-element elementor-element-43ce405 e-con-full elementor-hidden-tablet elementor-hidden-mobile e-flex e-con e-child\" data-id=\"43ce405\" data-element_type=\"container\" data-e-type=\"container\">\n\t\t\t\t<\/div>\n\t\t\t\t\t<\/div>\n\t\t\t\t<\/div>\n\t\t<div class=\"elementor-element elementor-element-b574453 e-flex e-con-boxed e-con e-parent\" data-id=\"b574453\" data-element_type=\"container\" data-e-type=\"container\" data-settings=\"{&quot;background_background&quot;:&quot;classic&quot;,&quot;sticky&quot;:&quot;top&quot;,&quot;sticky_offset&quot;:120,&quot;sticky_on&quot;:[&quot;desktop&quot;,&quot;tablet&quot;,&quot;mobile&quot;],&quot;sticky_effects_offset&quot;:0,&quot;sticky_anchor_link_offset&quot;:0}\">\n\t\t\t\t\t<div class=\"e-con-inner\">\n\t\t\t\t<div class=\"elementor-element elementor-element-dea0bf9 elementor-icon-list--layout-inline elementor-align-start elementor-list-item-link-full_width elementor-widget elementor-widget-icon-list\" data-id=\"dea0bf9\" data-element_type=\"widget\" data-e-type=\"widget\" data-widget_type=\"icon-list.default\">\n\t\t\t\t<div class=\"elementor-widget-container\">\n\t\t\t\t\t\t\t<ul class=\"elementor-icon-list-items elementor-inline-items\">\n\t\t\t\t\t\t\t<li class=\"elementor-icon-list-item elementor-inline-item\">\n\t\t\t\t\t\t\t\t\t\t\t<a href=\"https:\/\/www.taesa-gi.com\/pt-pt\/\">\n\n\t\t\t\t\t\t\t\t\t\t\t<span class=\"elementor-icon-list-text\">Home<\/span>\n\t\t\t\t\t\t\t\t\t\t\t<\/a>\n\t\t\t\t\t\t\t\t\t<\/li>\n\t\t\t\t\t\t\t\t<li class=\"elementor-icon-list-item elementor-inline-item\">\n\t\t\t\t\t\t\t\t\t\t\t<span class=\"elementor-icon-list-icon\">\n\t\t\t\t\t\t\t<svg aria-hidden=\"true\" class=\"e-font-icon-svg e-fas-chevron-right\" viewBox=\"0 0 320 512\" xmlns=\"http:\/\/www.w3.org\/2000\/svg\"><path d=\"M285.476 272.971L91.132 467.314c-9.373 9.373-24.569 9.373-33.941 0l-22.667-22.667c-9.357-9.357-9.375-24.522-.04-33.901L188.505 256 34.484 101.255c-9.335-9.379-9.317-24.544.04-33.901l22.667-22.667c9.373-9.373 24.569-9.373 33.941 0L285.475 239.03c9.373 9.372 9.373 24.568.001 33.941z\"><\/path><\/svg>\t\t\t\t\t\t<\/span>\n\t\t\t\t\t\t\t\t\t\t<span class=\"elementor-icon-list-text\">Sobre Taesa<\/span>\n\t\t\t\t\t\t\t\t\t<\/li>\n\t\t\t\t\t\t\t\t<li class=\"elementor-icon-list-item elementor-inline-item\">\n\t\t\t\t\t\t\t\t\t\t\t<span class=\"elementor-icon-list-icon\">\n\t\t\t\t\t\t\t<svg aria-hidden=\"true\" class=\"e-font-icon-svg e-fas-chevron-right\" viewBox=\"0 0 320 512\" xmlns=\"http:\/\/www.w3.org\/2000\/svg\"><path d=\"M285.476 272.971L91.132 467.314c-9.373 9.373-24.569 9.373-33.941 0l-22.667-22.667c-9.357-9.357-9.375-24.522-.04-33.901L188.505 256 34.484 101.255c-9.335-9.379-9.317-24.544.04-33.901l22.667-22.667c9.373-9.373 24.569-9.373 33.941 0L285.475 239.03c9.373 9.372 9.373 24.568.001 33.941z\"><\/path><\/svg>\t\t\t\t\t\t<\/span>\n\t\t\t\t\t\t\t\t\t\t<span class=\"elementor-icon-list-text\">Vis\u00e3o Geral da Empresa<\/span>\n\t\t\t\t\t\t\t\t\t<\/li>\n\t\t\t\t\t\t<\/ul>\n\t\t\t\t\t\t<\/div>\n\t\t\t\t<\/div>\n\t\t\t\t\t<\/div>\n\t\t\t\t<\/div>\n\t\t<div class=\"elementor-element elementor-element-e335e27 e-flex e-con-boxed e-con e-parent\" data-id=\"e335e27\" data-element_type=\"container\" data-e-type=\"container\">\n\t\t\t\t\t<div class=\"e-con-inner\">\n\t\t\t\t<div class=\"elementor-element elementor-element-88f0d26 elementor-widget elementor-widget-heading\" data-id=\"88f0d26\" data-element_type=\"widget\" data-e-type=\"widget\" data-widget_type=\"heading.default\">\n\t\t\t\t<div class=\"elementor-widget-container\">\n\t\t\t\t\t<h2 class=\"elementor-heading-title elementor-size-default\">Presen\u00e7a em mais de 40 pa\u00edses<\/h2>\t\t\t\t<\/div>\n\t\t\t\t<\/div>\n\t\t\t\t<div class=\"elementor-element elementor-element-f34fdd6 elementor-widget elementor-widget-text-editor\" data-id=\"f34fdd6\" data-element_type=\"widget\" data-e-type=\"widget\" data-widget_type=\"text-editor.default\">\n\t\t\t\t<div class=\"elementor-widget-container\">\n\t\t\t\t\t\t\t\t\t<p>Os melhores especialistas do setor que podem ajudar a atingir os mais elevados n\u00edveis de produtividade, cumprindo os padr\u00f5es mais seguros.<\/p><p>Com presen\u00e7a em mais de 40 pa\u00edses, garante experi\u00eancia na concep\u00e7\u00e3o, fabrica\u00e7\u00e3o e implementa\u00e7\u00e3o de sistemas de abate e desossa.<\/p>\t\t\t\t\t\t\t\t<\/div>\n\t\t\t\t<\/div>\n\t\t\t\t\t<\/div>\n\t\t\t\t<\/div>\n\t\t<div class=\"elementor-element elementor-element-0473c2a e-flex e-con-boxed e-con e-parent\" data-id=\"0473c2a\" data-element_type=\"container\" data-e-type=\"container\">\n\t\t\t\t\t<div class=\"e-con-inner\">\n\t\t<div class=\"elementor-element elementor-element-c83058c e-con-full e-flex e-con e-child\" data-id=\"c83058c\" data-element_type=\"container\" data-e-type=\"container\" data-settings=\"{&quot;background_background&quot;:&quot;classic&quot;}\">\n\t\t\t\t<\/div>\n\t\t<div class=\"elementor-element elementor-element-5e0038b e-con-full e-flex e-con e-child\" data-id=\"5e0038b\" data-element_type=\"container\" data-e-type=\"container\" data-settings=\"{&quot;background_background&quot;:&quot;classic&quot;}\">\n\t\t\t\t<div class=\"elementor-element elementor-element-2cbbd8d elementor-widget elementor-widget-heading\" data-id=\"2cbbd8d\" data-element_type=\"widget\" data-e-type=\"widget\" data-widget_type=\"heading.default\">\n\t\t\t\t<div class=\"elementor-widget-container\">\n\t\t\t\t\t<h3 class=\"elementor-heading-title elementor-size-default\">Planejamento de projeto<\/h3>\t\t\t\t<\/div>\n\t\t\t\t<\/div>\n\t\t\t\t<div class=\"elementor-element elementor-element-22e6094 elementor-widget elementor-widget-text-editor\" data-id=\"22e6094\" data-element_type=\"widget\" data-e-type=\"widget\" data-widget_type=\"text-editor.default\">\n\t\t\t\t<div class=\"elementor-widget-container\">\n\t\t\t\t\t\t\t\t\t<p>Conhecendo as necessidades do cliente, \u00e9 realizado um estudo para fornecer a solu\u00e7\u00e3o mais inteligente para cada setor. A qualidade dos materiais utilizados na fabrica\u00e7\u00e3o e a especializa\u00e7\u00e3o do nosso pessoal satisfazem as mais elevadas exig\u00eancias de racionalidade e higiene no abate e desossa. <\/p><p>A montagem e a opera\u00e7\u00e3o s\u00e3o realizados por t\u00e9cnicos pr\u00f3prios, treinando a equipe do nosso cliente para correto manuseamento e manuten\u00e7\u00e3o dos nossos equipamentos.<\/p><p>Ap\u00f3s esta etapa, garantimos um servi\u00e7o p\u00f3s-venda e revis\u00f5es peri\u00f3dicas, sempre garantidas por mais de 70 anos de experi\u00eancia no setor.<\/p>\t\t\t\t\t\t\t\t<\/div>\n\t\t\t\t<\/div>\n\t\t\t\t<\/div>\n\t\t\t\t\t<\/div>\n\t\t\t\t<\/div>\n\t\t<div class=\"elementor-element elementor-element-bc13212 e-flex e-con-boxed e-con e-parent\" data-id=\"bc13212\" data-element_type=\"container\" data-e-type=\"container\">\n\t\t\t\t\t<div class=\"e-con-inner\">\n\t\t\t\t<div class=\"elementor-element elementor-element-2712181 elementor-widget elementor-widget-text-editor\" data-id=\"2712181\" data-element_type=\"widget\" data-e-type=\"widget\" data-widget_type=\"text-editor.default\">\n\t\t\t\t<div class=\"elementor-widget-container\">\n\t\t\t\t\t\t\t\t\t<p>\u201cSomente os melhores especialistas do setor podem ajud\u00e1-lo a atingir os mais altos n\u00edveis de produtividade, atendendo aos mais altos padr\u00f5es de higiene.\u201d<\/p>\t\t\t\t\t\t\t\t<\/div>\n\t\t\t\t<\/div>\n\t\t\t\t\t<\/div>\n\t\t\t\t<\/div>\n\t\t<div class=\"elementor-element elementor-element-a264234 e-flex e-con-boxed e-con e-parent\" data-id=\"a264234\" data-element_type=\"container\" data-e-type=\"container\">\n\t\t\t\t\t<div class=\"e-con-inner\">\n\t\t\t\t<div class=\"elementor-element elementor-element-65579af elementor-widget elementor-widget-image\" data-id=\"65579af\" data-element_type=\"widget\" data-e-type=\"widget\" data-widget_type=\"image.default\">\n\t\t\t\t<div class=\"elementor-widget-container\">\n\t\t\t\t\t\t\t\t\t\t\t\t\t\t\t<img fetchpriority=\"high\" decoding=\"async\" width=\"1312\" height=\"690\" src=\"https:\/\/www.taesa-gi.com\/wp-content\/uploads\/2024\/06\/image-taesa.jpg\" class=\"attachment-full size-full wp-image-3534\" alt=\"\" srcset=\"https:\/\/www.taesa-gi.com\/wp-content\/uploads\/2024\/06\/image-taesa.jpg 1312w, https:\/\/www.taesa-gi.com\/wp-content\/uploads\/2024\/06\/image-taesa-300x158.jpg 300w, https:\/\/www.taesa-gi.com\/wp-content\/uploads\/2024\/06\/image-taesa-1024x539.jpg 1024w, https:\/\/www.taesa-gi.com\/wp-content\/uploads\/2024\/06\/image-taesa-768x404.jpg 768w\" sizes=\"(max-width: 1312px) 100vw, 1312px\" \/>\t\t\t\t\t\t\t\t\t\t\t\t\t\t\t<\/div>\n\t\t\t\t<\/div>\n\t\t\t\t\t<\/div>\n\t\t\t\t<\/div>\n\t\t\t\t<\/div>\n\t\t","protected":false},"excerpt":{"rendered":"<p>Vis\u00e3o Geral da Empresa Home Sobre Taesa Vis\u00e3o Geral da Empresa Presen\u00e7a em mais de 40 pa\u00edses Os melhores especialistas [&hellip;]<\/p>\n","protected":false},"author":5,"featured_media":0,"parent":0,"menu_order":0,"comment_status":"closed","ping_status":"closed","template":"","meta":{"_acf_changed":false,"site-sidebar-layout":"no-sidebar","site-content-layout":"","ast-site-content-layout":"full-width-container","site-content-style":"default","site-sidebar-style":"default","ast-global-header-display":"","ast-banner-title-visibility":"","ast-main-header-display":"","ast-hfb-above-header-display":"","ast-hfb-below-header-display":"","ast-hfb-mobile-header-display":"","site-post-title":"disabled","ast-breadcrumbs-content":"","ast-featured-img":"disabled","footer-sml-layout":"","ast-disable-related-posts":"","theme-transparent-header-meta":"","adv-header-id-meta":"","stick-header-meta":"","header-above-stick-meta":"","header-main-stick-meta":"","header-below-stick-meta":"","astra-migrate-meta-layouts":"default","ast-page-background-enabled":"default","ast-page-background-meta":{"desktop":{"background-color":"var(--ast-global-color-4)","background-image":"","background-repeat":"repeat","background-position":"center center","background-size":"auto","background-attachment":"scroll","background-type":"","background-media":"","overlay-type":"","overlay-color":"","overlay-opacity":"","overlay-gradient":""},"tablet":{"background-color":"","background-image":"","background-repeat":"repeat","background-position":"center center","background-size":"auto","background-attachment":"scroll","background-type":"","background-media":"","overlay-type":"","overlay-color":"","overlay-opacity":"","overlay-gradient":""},"mobile":{"background-color":"","background-image":"","background-repeat":"repeat","background-position":"center center","background-size":"auto","background-attachment":"scroll","background-type":"","background-media":"","overlay-type":"","overlay-color":"","overlay-opacity":"","overlay-gradient":""}},"ast-content-background-meta":{"desktop":{"background-color":"var(--ast-global-color-5)","background-image":"","background-repeat":"repeat","background-position":"center center","background-size":"auto","background-attachment":"scroll","background-type":"","background-media":"","overlay-type":"","overlay-color":"","overlay-opacity":"","overlay-gradient":""},"tablet":{"background-color":"var(--ast-global-color-5)","background-image":"","background-repeat":"repeat","background-position":"center center","background-size":"auto","background-attachment":"scroll","background-type":"","background-media":"","overlay-type":"","overlay-color":"","overlay-opacity":"","overlay-gradient":""},"mobile":{"background-color":"var(--ast-global-color-5)","background-image":"","background-repeat":"repeat","background-position":"center center","background-size":"auto","background-attachment":"scroll","background-type":"","background-media":"","overlay-type":"","overlay-color":"","overlay-opacity":"","overlay-gradient":""}},"footnotes":""},"class_list":["post-4828","page","type-page","status-publish","hentry"],"acf":[],"yoast_head":"<!-- This site is optimized with the Yoast SEO plugin v27.5 - https:\/\/yoast.com\/product\/yoast-seo-wordpress\/ -->\n<title>Vis\u00e3o Geral da Empresa - Taesa<\/title>\n<meta name=\"robots\" content=\"index, follow, max-snippet:-1, max-image-preview:large, max-video-preview:-1\" \/>\n<link rel=\"canonical\" href=\"https:\/\/www.taesa-gi.com\/pt-pt\/visao-geral-da-empresa\/\" \/>\n<meta property=\"og:locale\" content=\"pt_PT\" \/>\n<meta property=\"og:type\" content=\"article\" \/>\n<meta property=\"og:title\" content=\"Vis\u00e3o Geral da Empresa - Taesa\" \/>\n<meta property=\"og:description\" content=\"Vis\u00e3o Geral da Empresa Home Sobre Taesa Vis\u00e3o Geral da Empresa Presen\u00e7a em mais de 40 pa\u00edses Os melhores especialistas [&hellip;]\" \/>\n<meta property=\"og:url\" content=\"https:\/\/www.taesa-gi.com\/pt-pt\/visao-geral-da-empresa\/\" \/>\n<meta property=\"og:site_name\" content=\"Taesa\" \/>\n<meta property=\"article:modified_time\" content=\"2025-02-19T09:05:41+00:00\" \/>\n<meta property=\"og:image\" content=\"https:\/\/www.taesa-gi.com:8081\/wp-content\/uploads\/2024\/06\/image-taesa.jpg\" \/>\n<meta name=\"twitter:card\" content=\"summary_large_image\" \/>\n<meta name=\"twitter:label1\" content=\"Tempo estimado de leitura\" \/>\n\t<meta name=\"twitter:data1\" content=\"1 minuto\" \/>\n<script type=\"application\/ld+json\" class=\"yoast-schema-graph\">{\"@context\":\"https:\\\/\\\/schema.org\",\"@graph\":[{\"@type\":\"WebPage\",\"@id\":\"https:\\\/\\\/www.taesa-gi.com\\\/pt-pt\\\/visao-geral-da-empresa\\\/\",\"url\":\"https:\\\/\\\/www.taesa-gi.com\\\/pt-pt\\\/visao-geral-da-empresa\\\/\",\"name\":\"Vis\u00e3o Geral da Empresa - Taesa\",\"isPartOf\":{\"@id\":\"https:\\\/\\\/www.taesa-gi.com\\\/pt-pt\\\/#website\"},\"primaryImageOfPage\":{\"@id\":\"https:\\\/\\\/www.taesa-gi.com\\\/pt-pt\\\/visao-geral-da-empresa\\\/#primaryimage\"},\"image\":{\"@id\":\"https:\\\/\\\/www.taesa-gi.com\\\/pt-pt\\\/visao-geral-da-empresa\\\/#primaryimage\"},\"thumbnailUrl\":\"https:\\\/\\\/www.taesa-gi.com:8081\\\/wp-content\\\/uploads\\\/2024\\\/06\\\/image-taesa.jpg\",\"datePublished\":\"2024-06-22T01:18:42+00:00\",\"dateModified\":\"2025-02-19T09:05:41+00:00\",\"breadcrumb\":{\"@id\":\"https:\\\/\\\/www.taesa-gi.com\\\/pt-pt\\\/visao-geral-da-empresa\\\/#breadcrumb\"},\"inLanguage\":\"pt-PT\",\"potentialAction\":[{\"@type\":\"ReadAction\",\"target\":[\"https:\\\/\\\/www.taesa-gi.com\\\/pt-pt\\\/visao-geral-da-empresa\\\/\"]}]},{\"@type\":\"ImageObject\",\"inLanguage\":\"pt-PT\",\"@id\":\"https:\\\/\\\/www.taesa-gi.com\\\/pt-pt\\\/visao-geral-da-empresa\\\/#primaryimage\",\"url\":\"https:\\\/\\\/www.taesa-gi.com:8081\\\/wp-content\\\/uploads\\\/2024\\\/06\\\/image-taesa.jpg\",\"contentUrl\":\"https:\\\/\\\/www.taesa-gi.com:8081\\\/wp-content\\\/uploads\\\/2024\\\/06\\\/image-taesa.jpg\"},{\"@type\":\"BreadcrumbList\",\"@id\":\"https:\\\/\\\/www.taesa-gi.com\\\/pt-pt\\\/visao-geral-da-empresa\\\/#breadcrumb\",\"itemListElement\":[{\"@type\":\"ListItem\",\"position\":1,\"name\":\"Portada\",\"item\":\"https:\\\/\\\/www.taesa-gi.com\\\/pt-pt\\\/\"},{\"@type\":\"ListItem\",\"position\":2,\"name\":\"Vis\u00e3o Geral da Empresa\"}]},{\"@type\":\"WebSite\",\"@id\":\"https:\\\/\\\/www.taesa-gi.com\\\/pt-pt\\\/#website\",\"url\":\"https:\\\/\\\/www.taesa-gi.com\\\/pt-pt\\\/\",\"name\":\"Taesa\",\"description\":\"Taesa grupo industrial\",\"publisher\":{\"@id\":\"https:\\\/\\\/www.taesa-gi.com\\\/pt-pt\\\/#organization\"},\"potentialAction\":[{\"@type\":\"SearchAction\",\"target\":{\"@type\":\"EntryPoint\",\"urlTemplate\":\"https:\\\/\\\/www.taesa-gi.com\\\/pt-pt\\\/?s={search_term_string}\"},\"query-input\":{\"@type\":\"PropertyValueSpecification\",\"valueRequired\":true,\"valueName\":\"search_term_string\"}}],\"inLanguage\":\"pt-PT\"},{\"@type\":\"Organization\",\"@id\":\"https:\\\/\\\/www.taesa-gi.com\\\/pt-pt\\\/#organization\",\"name\":\"Taesa\",\"url\":\"https:\\\/\\\/www.taesa-gi.com\\\/pt-pt\\\/\",\"logo\":{\"@type\":\"ImageObject\",\"inLanguage\":\"pt-PT\",\"@id\":\"https:\\\/\\\/www.taesa-gi.com\\\/pt-pt\\\/#\\\/schema\\\/logo\\\/image\\\/\",\"url\":\"https:\\\/\\\/www.taesa-gi.com\\\/wp-content\\\/uploads\\\/2024\\\/06\\\/logo.webp\",\"contentUrl\":\"https:\\\/\\\/www.taesa-gi.com\\\/wp-content\\\/uploads\\\/2024\\\/06\\\/logo.webp\",\"width\":368,\"height\":158,\"caption\":\"Taesa\"},\"image\":{\"@id\":\"https:\\\/\\\/www.taesa-gi.com\\\/pt-pt\\\/#\\\/schema\\\/logo\\\/image\\\/\"}}]}<\/script>\n<!-- \/ Yoast SEO plugin. -->","yoast_head_json":{"title":"Vis\u00e3o Geral da Empresa - Taesa","robots":{"index":"index","follow":"follow","max-snippet":"max-snippet:-1","max-image-preview":"max-image-preview:large","max-video-preview":"max-video-preview:-1"},"canonical":"https:\/\/www.taesa-gi.com\/pt-pt\/visao-geral-da-empresa\/","og_locale":"pt_PT","og_type":"article","og_title":"Vis\u00e3o Geral da Empresa - Taesa","og_description":"Vis\u00e3o Geral da Empresa Home Sobre Taesa Vis\u00e3o Geral da Empresa Presen\u00e7a em mais de 40 pa\u00edses Os melhores especialistas [&hellip;]","og_url":"https:\/\/www.taesa-gi.com\/pt-pt\/visao-geral-da-empresa\/","og_site_name":"Taesa","article_modified_time":"2025-02-19T09:05:41+00:00","og_image":[{"url":"https:\/\/www.taesa-gi.com:8081\/wp-content\/uploads\/2024\/06\/image-taesa.jpg","type":"","width":"","height":""}],"twitter_card":"summary_large_image","twitter_misc":{"Tempo estimado de leitura":"1 minuto"},"schema":{"@context":"https:\/\/schema.org","@graph":[{"@type":"WebPage","@id":"https:\/\/www.taesa-gi.com\/pt-pt\/visao-geral-da-empresa\/","url":"https:\/\/www.taesa-gi.com\/pt-pt\/visao-geral-da-empresa\/","name":"Vis\u00e3o Geral da Empresa - Taesa","isPartOf":{"@id":"https:\/\/www.taesa-gi.com\/pt-pt\/#website"},"primaryImageOfPage":{"@id":"https:\/\/www.taesa-gi.com\/pt-pt\/visao-geral-da-empresa\/#primaryimage"},"image":{"@id":"https:\/\/www.taesa-gi.com\/pt-pt\/visao-geral-da-empresa\/#primaryimage"},"thumbnailUrl":"https:\/\/www.taesa-gi.com:8081\/wp-content\/uploads\/2024\/06\/image-taesa.jpg","datePublished":"2024-06-22T01:18:42+00:00","dateModified":"2025-02-19T09:05:41+00:00","breadcrumb":{"@id":"https:\/\/www.taesa-gi.com\/pt-pt\/visao-geral-da-empresa\/#breadcrumb"},"inLanguage":"pt-PT","potentialAction":[{"@type":"ReadAction","target":["https:\/\/www.taesa-gi.com\/pt-pt\/visao-geral-da-empresa\/"]}]},{"@type":"ImageObject","inLanguage":"pt-PT","@id":"https:\/\/www.taesa-gi.com\/pt-pt\/visao-geral-da-empresa\/#primaryimage","url":"https:\/\/www.taesa-gi.com:8081\/wp-content\/uploads\/2024\/06\/image-taesa.jpg","contentUrl":"https:\/\/www.taesa-gi.com:8081\/wp-content\/uploads\/2024\/06\/image-taesa.jpg"},{"@type":"BreadcrumbList","@id":"https:\/\/www.taesa-gi.com\/pt-pt\/visao-geral-da-empresa\/#breadcrumb","itemListElement":[{"@type":"ListItem","position":1,"name":"Portada","item":"https:\/\/www.taesa-gi.com\/pt-pt\/"},{"@type":"ListItem","position":2,"name":"Vis\u00e3o Geral da Empresa"}]},{"@type":"WebSite","@id":"https:\/\/www.taesa-gi.com\/pt-pt\/#website","url":"https:\/\/www.taesa-gi.com\/pt-pt\/","name":"Taesa","description":"Taesa grupo industrial","publisher":{"@id":"https:\/\/www.taesa-gi.com\/pt-pt\/#organization"},"potentialAction":[{"@type":"SearchAction","target":{"@type":"EntryPoint","urlTemplate":"https:\/\/www.taesa-gi.com\/pt-pt\/?s={search_term_string}"},"query-input":{"@type":"PropertyValueSpecification","valueRequired":true,"valueName":"search_term_string"}}],"inLanguage":"pt-PT"},{"@type":"Organization","@id":"https:\/\/www.taesa-gi.com\/pt-pt\/#organization","name":"Taesa","url":"https:\/\/www.taesa-gi.com\/pt-pt\/","logo":{"@type":"ImageObject","inLanguage":"pt-PT","@id":"https:\/\/www.taesa-gi.com\/pt-pt\/#\/schema\/logo\/image\/","url":"https:\/\/www.taesa-gi.com\/wp-content\/uploads\/2024\/06\/logo.webp","contentUrl":"https:\/\/www.taesa-gi.com\/wp-content\/uploads\/2024\/06\/logo.webp","width":368,"height":158,"caption":"Taesa"},"image":{"@id":"https:\/\/www.taesa-gi.com\/pt-pt\/#\/schema\/logo\/image\/"}}]}},"_links":{"self":[{"href":"https:\/\/www.taesa-gi.com\/pt-pt\/wp-json\/wp\/v2\/pages\/4828","targetHints":{"allow":["GET"]}}],"collection":[{"href":"https:\/\/www.taesa-gi.com\/pt-pt\/wp-json\/wp\/v2\/pages"}],"about":[{"href":"https:\/\/www.taesa-gi.com\/pt-pt\/wp-json\/wp\/v2\/types\/page"}],"author":[{"embeddable":true,"href":"https:\/\/www.taesa-gi.com\/pt-pt\/wp-json\/wp\/v2\/users\/5"}],"replies":[{"embeddable":true,"href":"https:\/\/www.taesa-gi.com\/pt-pt\/wp-json\/wp\/v2\/comments?post=4828"}],"version-history":[{"count":0,"href":"https:\/\/www.taesa-gi.com\/pt-pt\/wp-json\/wp\/v2\/pages\/4828\/revisions"}],"wp:attachment":[{"href":"https:\/\/www.taesa-gi.com\/pt-pt\/wp-json\/wp\/v2\/media?parent=4828"}],"curies":[{"name":"wp","href":"https:\/\/api.w.org\/{rel}","templated":true}]}}