{"id":5326,"date":"2024-07-02T00:42:14","date_gmt":"2024-07-01T22:42:14","guid":{"rendered":"https:\/\/www.taesa-gi.com\/avis-juridique\/"},"modified":"2024-08-09T17:21:23","modified_gmt":"2024-08-09T15:21:23","slug":"avis-juridique","status":"publish","type":"page","link":"https:\/\/www.taesa-gi.com\/fr\/avis-juridique\/","title":{"rendered":"Avis juridique"},"content":{"rendered":"\t\t<div data-elementor-type=\"wp-page\" data-elementor-id=\"5326\" class=\"elementor elementor-5326 elementor-1192\" data-elementor-post-type=\"page\">\n\t\t\t\t<div class=\"elementor-element elementor-element-158ea88 e-flex e-con-boxed e-con e-parent\" data-id=\"158ea88\" data-element_type=\"container\" data-e-type=\"container\">\n\t\t\t\t\t<div class=\"e-con-inner\">\n\t\t\t\t<div class=\"elementor-element elementor-element-9d50ccd elementor-widget elementor-widget-heading\" data-id=\"9d50ccd\" data-element_type=\"widget\" data-e-type=\"widget\" data-widget_type=\"heading.default\">\n\t\t\t\t<div class=\"elementor-widget-container\">\n\t\t\t\t\t<h1 class=\"elementor-heading-title elementor-size-default\">Avis juridique<\/h1>\t\t\t\t<\/div>\n\t\t\t\t<\/div>\n\t\t\t\t<div class=\"elementor-element elementor-element-0128762 elementor-widget elementor-widget-text-editor\" data-id=\"0128762\" data-element_type=\"widget\" data-e-type=\"widget\" data-widget_type=\"text-editor.default\">\n\t\t\t\t<div class=\"elementor-widget-container\">\n\t\t\t\t\t\t\t\t\t<h4><strong>I.- Conditions d&rsquo;utilisation.<\/strong><\/h4>\n<p>www.www.taesa-gi.com est un site Web appartenant \u00e0 Taesa Grupo Industrial, dont le si\u00e8ge social est situ\u00e9 Avenida Costaj\u00e1n 19 ARANDA DE DUERO, dans la ville de Burgos, et dont le num\u00e9ro d&rsquo;identification fiscale est le suivant : XXXXXXXXXXXX.<\/p>\n<p>En principe, l&rsquo;utilisation du site web est gratuite et, dans certains cas, cette utilisation peut \u00eatre soumise \u00e0 des conditions g\u00e9n\u00e9rales et \u00e0 des conditions particuli\u00e8res d&rsquo;utilisation. Par cons\u00e9quent, l&rsquo;acc\u00e8s aux services du site web et leur utilisation signifient l&rsquo;acceptation de ces conditions.<\/p>\n<h4><strong>II &#8211; Contenu, termes juridiques et responsabilit\u00e9s.<\/strong><\/h4>\n<p>Le site web contient des textes, des images et d&rsquo;autres contenus cr\u00e9\u00e9s par le propri\u00e9taire du site web et ses collaborateurs, \u00e0 titre d&rsquo;information uniquement, car ils peuvent parfois ne pas refl\u00e9ter les nouvelles les plus r\u00e9centes, de sorte qu&rsquo;\u00e0 tout moment ces contenus peuvent \u00eatre modifi\u00e9s et\/ou remplac\u00e9s par de nouveaux contenus, sans notification pr\u00e9alable ni responsabilit\u00e9 de quelque nature que ce soit.<\/p>\n<p>Le contenu du site web ne peut en aucun cas \u00eatre consid\u00e9r\u00e9 comme un substitut \u00e0 un avis juridique ou \u00e0 tout autre type d&rsquo;avis. Il n&rsquo;existe aucune relation commerciale, professionnelle ou de toute autre nature avec les professionnels qui composent le site web, du simple fait de l&rsquo;acc\u00e8s \u00e0 celui-ci par les utilisateurs.<\/p>\n<p>Dans le cas de liens vers d&rsquo;autres sites web, www.www.taesa-gi.com ne sera pas tenu responsable de leur contenu car il n&rsquo;a aucun contr\u00f4le sur eux.<\/p>\n<p>Lorsque les utilisateurs acc\u00e8dent au site web, ils le font \u00e0 leurs propres risques. www.www.taesa-gi.com ne garantit pas que le site web sera rapide, ininterrompu ou exempt de virus. De m\u00eame, le propri\u00e9taire du site, ses collaborateurs, partenaires, employ\u00e9s et repr\u00e9sentants ne peuvent \u00eatre tenus pour responsables de tout dommage r\u00e9sultant de l&rsquo;utilisation de ce site, ni de toute action entreprise sur la base des informations qui y sont fournies.<\/p>\n<p>L&rsquo;absence de virus ou d&rsquo;autres \u00e9l\u00e9ments nuisibles susceptibles de causer des dommages ou des alt\u00e9rations au syst\u00e8me informatique, aux documents \u00e9lectroniques ou aux fichiers de l&rsquo;utilisateur de ce site web n&rsquo;est pas garantie. Par cons\u00e9quent, elle n&rsquo;est pas responsable des dommages que ces \u00e9l\u00e9ments peuvent causer \u00e0 l&rsquo;utilisateur ou \u00e0 des tiers.<\/p>\n<p><strong>III &#8211; Propri\u00e9t\u00e9 intellectuelle et industrielle.<\/strong><\/p>\n<p>Taesa \u00a9 2020 &#8211; Tous droits r\u00e9serv\u00e9s.<\/p>\n<p>Tous les contenus de ce site web, tels que les textes, les images, les sons, les fichiers, les marques, les logos, les combinaisons de couleurs ou tout autre \u00e9l\u00e9ment, sa structure et sa conception, la s\u00e9lection et la forme de pr\u00e9sentation des contenus qui y sont inclus, ainsi que les programmes informatiques n\u00e9cessaires \u00e0 son fonctionnement, \u00e0 son acc\u00e8s et \u00e0 son utilisation, sont la propri\u00e9t\u00e9 du propri\u00e9taire du site web.<\/p>\n<p>Le stockage temporaire et la reproduction d&rsquo;une partie ou de l&rsquo;ensemble du contenu du site web sont autoris\u00e9s, dans le but d&rsquo;\u00eatre utilis\u00e9s \u00e0 des fins personnelles et non commerciales. La reproduction, le stockage permanent et la diffusion du contenu du site web ou toute utilisation \u00e0 des fins publiques ou commerciales sont strictement interdits sans l&rsquo;accord \u00e9crit pr\u00e9alable du propri\u00e9taire du site web, et \u00e0 condition qu&rsquo;il soit fait explicitement r\u00e9f\u00e9rence \u00e0 www.www.taesa-gi.com et \u00e0 sa propri\u00e9t\u00e9.<\/p>\n<p><strong>IV &#8211; Protection des donn\u00e9es personnelles.<\/strong><\/p>\n<p>Conform\u00e9ment aux dispositions de la loi organique 15\/1999, du 13 d\u00e9cembre, sur la protection des donn\u00e9es \u00e0 caract\u00e8re personnel (LOPD), et \u00e0 toute autre l\u00e9gislation qui pourrait s&rsquo;appliquer et\/ou la remplacer, toutes les informations re\u00e7ues sur le site Web, par le biais de demandes, d&rsquo;envois de donn\u00e9es ou par tout autre moyen, seront trait\u00e9es avec la plus stricte et la plus absolue confidentialit\u00e9.<\/p>\n<p>Tous les utilisateurs qui fournissent leurs donn\u00e9es par le biais du site web auront le droit d&rsquo;acc\u00e9der, de rectifier et\/ou d&rsquo;annuler leurs donn\u00e9es, comme le reconna\u00eet la LOPD, sans aucune opposition, ainsi que le droit de r\u00e9voquer le consentement donn\u00e9 pour le transfert de leurs donn\u00e9es. Les droits susmentionn\u00e9s peuvent \u00eatre exerc\u00e9s par \u00e9crit, \u00e0 l&rsquo;adresse du propri\u00e9taire du site Web indiqu\u00e9e dans la section I du pr\u00e9sent avis (Conditions d&rsquo;utilisation).<\/p>\n<p>Les donn\u00e9es personnelles obtenues par le biais du site web seront prot\u00e9g\u00e9es afin d&rsquo;\u00e9viter leur alt\u00e9ration, leur perte, leur traitement ou leur acc\u00e8s non autoris\u00e9.<\/p>\n<p><strong>V.- Droit applicable et juridiction.<\/strong><\/p>\n<p>Les pr\u00e9sentes conditions d&rsquo;utilisation sont r\u00e9gies par la l\u00e9gislation espagnole et les cours et tribunaux de la ville de Burgos sont comp\u00e9tents pour conna\u00eetre de toute question relative \u00e0 l&rsquo;interpr\u00e9tation, \u00e0 l&rsquo;application et au respect des pr\u00e9sentes conditions d&rsquo;utilisation. L&rsquo;utilisateur, par son acceptation des conditions g\u00e9n\u00e9rales contenues dans le pr\u00e9sent avis juridique, renonce express\u00e9ment \u00e0 toute juridiction \u00e0 laquelle il pourrait pr\u00e9tendre en application de la loi de proc\u00e9dure civile en vigueur.<\/p>\n\t\t\t\t\t\t\t\t<\/div>\n\t\t\t\t<\/div>\n\t\t\t\t\t<\/div>\n\t\t\t\t<\/div>\n\t\t\t\t<\/div>\n\t\t","protected":false},"excerpt":{"rendered":"<p>Avis juridique I.- Conditions d&rsquo;utilisation. www.www.taesa-gi.com est un site Web appartenant \u00e0 Taesa Grupo Industrial, dont le si\u00e8ge social est [&hellip;]<\/p>\n","protected":false},"author":5,"featured_media":0,"parent":0,"menu_order":0,"comment_status":"closed","ping_status":"closed","template":"","meta":{"_acf_changed":false,"site-sidebar-layout":"no-sidebar","site-content-layout":"","ast-site-content-layout":"full-width-container","site-content-style":"default","site-sidebar-style":"default","ast-global-header-display":"","ast-banner-title-visibility":"","ast-main-header-display":"","ast-hfb-above-header-display":"","ast-hfb-below-header-display":"","ast-hfb-mobile-header-display":"","site-post-title":"disabled","ast-breadcrumbs-content":"","ast-featured-img":"disabled","footer-sml-layout":"","ast-disable-related-posts":"","theme-transparent-header-meta":"","adv-header-id-meta":"","stick-header-meta":"","header-above-stick-meta":"","header-main-stick-meta":"","header-below-stick-meta":"","astra-migrate-meta-layouts":"default","ast-page-background-enabled":"default","ast-page-background-meta":{"desktop":{"background-color":"var(--ast-global-color-4)","background-image":"","background-repeat":"repeat","background-position":"center center","background-size":"auto","background-attachment":"scroll","background-type":"","background-media":"","overlay-type":"","overlay-color":"","overlay-opacity":"","overlay-gradient":""},"tablet":{"background-color":"","background-image":"","background-repeat":"repeat","background-position":"center center","background-size":"auto","background-attachment":"scroll","background-type":"","background-media":"","overlay-type":"","overlay-color":"","overlay-opacity":"","overlay-gradient":""},"mobile":{"background-color":"","background-image":"","background-repeat":"repeat","background-position":"center center","background-size":"auto","background-attachment":"scroll","background-type":"","background-media":"","overlay-type":"","overlay-color":"","overlay-opacity":"","overlay-gradient":""}},"ast-content-background-meta":{"desktop":{"background-color":"var(--ast-global-color-5)","background-image":"","background-repeat":"repeat","background-position":"center center","background-size":"auto","background-attachment":"scroll","background-type":"","background-media":"","overlay-type":"","overlay-color":"","overlay-opacity":"","overlay-gradient":""},"tablet":{"background-color":"var(--ast-global-color-5)","background-image":"","background-repeat":"repeat","background-position":"center center","background-size":"auto","background-attachment":"scroll","background-type":"","background-media":"","overlay-type":"","overlay-color":"","overlay-opacity":"","overlay-gradient":""},"mobile":{"background-color":"var(--ast-global-color-5)","background-image":"","background-repeat":"repeat","background-position":"center center","background-size":"auto","background-attachment":"scroll","background-type":"","background-media":"","overlay-type":"","overlay-color":"","overlay-opacity":"","overlay-gradient":""}},"footnotes":""},"class_list":["post-5326","page","type-page","status-publish","hentry"],"acf":[],"yoast_head":"<!-- This site is optimized with the Yoast SEO plugin v27.5 - https:\/\/yoast.com\/product\/yoast-seo-wordpress\/ -->\n<title>Avis juridique - Taesa<\/title>\n<meta name=\"robots\" content=\"index, follow, max-snippet:-1, max-image-preview:large, max-video-preview:-1\" \/>\n<link rel=\"canonical\" href=\"https:\/\/www.taesa-gi.com\/fr\/avis-juridique\/\" \/>\n<meta property=\"og:locale\" content=\"fr_FR\" \/>\n<meta property=\"og:type\" content=\"article\" \/>\n<meta property=\"og:title\" content=\"Avis juridique - Taesa\" \/>\n<meta property=\"og:description\" content=\"Avis juridique I.- Conditions d&rsquo;utilisation. www.www.taesa-gi.com est un site Web appartenant \u00e0 Taesa Grupo Industrial, dont le si\u00e8ge social est [&hellip;]\" \/>\n<meta property=\"og:url\" content=\"https:\/\/www.taesa-gi.com\/fr\/avis-juridique\/\" \/>\n<meta property=\"og:site_name\" content=\"Taesa\" \/>\n<meta property=\"article:modified_time\" content=\"2024-08-09T15:21:23+00:00\" \/>\n<meta name=\"twitter:card\" content=\"summary_large_image\" \/>\n<meta name=\"twitter:label1\" content=\"Dur\u00e9e de lecture estim\u00e9e\" \/>\n\t<meta name=\"twitter:data1\" content=\"4 minutes\" \/>\n<script type=\"application\/ld+json\" class=\"yoast-schema-graph\">{\"@context\":\"https:\\\/\\\/schema.org\",\"@graph\":[{\"@type\":\"WebPage\",\"@id\":\"https:\\\/\\\/www.taesa-gi.com\\\/fr\\\/avis-juridique\\\/\",\"url\":\"https:\\\/\\\/www.taesa-gi.com\\\/fr\\\/avis-juridique\\\/\",\"name\":\"Avis juridique - Taesa\",\"isPartOf\":{\"@id\":\"https:\\\/\\\/www.taesa-gi.com\\\/fr\\\/#website\"},\"datePublished\":\"2024-07-01T22:42:14+00:00\",\"dateModified\":\"2024-08-09T15:21:23+00:00\",\"breadcrumb\":{\"@id\":\"https:\\\/\\\/www.taesa-gi.com\\\/fr\\\/avis-juridique\\\/#breadcrumb\"},\"inLanguage\":\"fr-FR\",\"potentialAction\":[{\"@type\":\"ReadAction\",\"target\":[\"https:\\\/\\\/www.taesa-gi.com\\\/fr\\\/avis-juridique\\\/\"]}]},{\"@type\":\"BreadcrumbList\",\"@id\":\"https:\\\/\\\/www.taesa-gi.com\\\/fr\\\/avis-juridique\\\/#breadcrumb\",\"itemListElement\":[{\"@type\":\"ListItem\",\"position\":1,\"name\":\"Portada\",\"item\":\"https:\\\/\\\/www.taesa-gi.com\\\/fr\\\/\"},{\"@type\":\"ListItem\",\"position\":2,\"name\":\"Avis juridique\"}]},{\"@type\":\"WebSite\",\"@id\":\"https:\\\/\\\/www.taesa-gi.com\\\/fr\\\/#website\",\"url\":\"https:\\\/\\\/www.taesa-gi.com\\\/fr\\\/\",\"name\":\"Taesa\",\"description\":\"Taesa grupo industrial\",\"publisher\":{\"@id\":\"https:\\\/\\\/www.taesa-gi.com\\\/fr\\\/#organization\"},\"potentialAction\":[{\"@type\":\"SearchAction\",\"target\":{\"@type\":\"EntryPoint\",\"urlTemplate\":\"https:\\\/\\\/www.taesa-gi.com\\\/fr\\\/?s={search_term_string}\"},\"query-input\":{\"@type\":\"PropertyValueSpecification\",\"valueRequired\":true,\"valueName\":\"search_term_string\"}}],\"inLanguage\":\"fr-FR\"},{\"@type\":\"Organization\",\"@id\":\"https:\\\/\\\/www.taesa-gi.com\\\/fr\\\/#organization\",\"name\":\"Taesa\",\"url\":\"https:\\\/\\\/www.taesa-gi.com\\\/fr\\\/\",\"logo\":{\"@type\":\"ImageObject\",\"inLanguage\":\"fr-FR\",\"@id\":\"https:\\\/\\\/www.taesa-gi.com\\\/fr\\\/#\\\/schema\\\/logo\\\/image\\\/\",\"url\":\"https:\\\/\\\/www.taesa-gi.com\\\/wp-content\\\/uploads\\\/2024\\\/06\\\/logo.webp\",\"contentUrl\":\"https:\\\/\\\/www.taesa-gi.com\\\/wp-content\\\/uploads\\\/2024\\\/06\\\/logo.webp\",\"width\":368,\"height\":158,\"caption\":\"Taesa\"},\"image\":{\"@id\":\"https:\\\/\\\/www.taesa-gi.com\\\/fr\\\/#\\\/schema\\\/logo\\\/image\\\/\"}}]}<\/script>\n<!-- \/ Yoast SEO plugin. -->","yoast_head_json":{"title":"Avis juridique - Taesa","robots":{"index":"index","follow":"follow","max-snippet":"max-snippet:-1","max-image-preview":"max-image-preview:large","max-video-preview":"max-video-preview:-1"},"canonical":"https:\/\/www.taesa-gi.com\/fr\/avis-juridique\/","og_locale":"fr_FR","og_type":"article","og_title":"Avis juridique - Taesa","og_description":"Avis juridique I.- Conditions d&rsquo;utilisation. www.www.taesa-gi.com est un site Web appartenant \u00e0 Taesa Grupo Industrial, dont le si\u00e8ge social est [&hellip;]","og_url":"https:\/\/www.taesa-gi.com\/fr\/avis-juridique\/","og_site_name":"Taesa","article_modified_time":"2024-08-09T15:21:23+00:00","twitter_card":"summary_large_image","twitter_misc":{"Dur\u00e9e de lecture estim\u00e9e":"4 minutes"},"schema":{"@context":"https:\/\/schema.org","@graph":[{"@type":"WebPage","@id":"https:\/\/www.taesa-gi.com\/fr\/avis-juridique\/","url":"https:\/\/www.taesa-gi.com\/fr\/avis-juridique\/","name":"Avis juridique - Taesa","isPartOf":{"@id":"https:\/\/www.taesa-gi.com\/fr\/#website"},"datePublished":"2024-07-01T22:42:14+00:00","dateModified":"2024-08-09T15:21:23+00:00","breadcrumb":{"@id":"https:\/\/www.taesa-gi.com\/fr\/avis-juridique\/#breadcrumb"},"inLanguage":"fr-FR","potentialAction":[{"@type":"ReadAction","target":["https:\/\/www.taesa-gi.com\/fr\/avis-juridique\/"]}]},{"@type":"BreadcrumbList","@id":"https:\/\/www.taesa-gi.com\/fr\/avis-juridique\/#breadcrumb","itemListElement":[{"@type":"ListItem","position":1,"name":"Portada","item":"https:\/\/www.taesa-gi.com\/fr\/"},{"@type":"ListItem","position":2,"name":"Avis juridique"}]},{"@type":"WebSite","@id":"https:\/\/www.taesa-gi.com\/fr\/#website","url":"https:\/\/www.taesa-gi.com\/fr\/","name":"Taesa","description":"Taesa grupo industrial","publisher":{"@id":"https:\/\/www.taesa-gi.com\/fr\/#organization"},"potentialAction":[{"@type":"SearchAction","target":{"@type":"EntryPoint","urlTemplate":"https:\/\/www.taesa-gi.com\/fr\/?s={search_term_string}"},"query-input":{"@type":"PropertyValueSpecification","valueRequired":true,"valueName":"search_term_string"}}],"inLanguage":"fr-FR"},{"@type":"Organization","@id":"https:\/\/www.taesa-gi.com\/fr\/#organization","name":"Taesa","url":"https:\/\/www.taesa-gi.com\/fr\/","logo":{"@type":"ImageObject","inLanguage":"fr-FR","@id":"https:\/\/www.taesa-gi.com\/fr\/#\/schema\/logo\/image\/","url":"https:\/\/www.taesa-gi.com\/wp-content\/uploads\/2024\/06\/logo.webp","contentUrl":"https:\/\/www.taesa-gi.com\/wp-content\/uploads\/2024\/06\/logo.webp","width":368,"height":158,"caption":"Taesa"},"image":{"@id":"https:\/\/www.taesa-gi.com\/fr\/#\/schema\/logo\/image\/"}}]}},"_links":{"self":[{"href":"https:\/\/www.taesa-gi.com\/fr\/wp-json\/wp\/v2\/pages\/5326","targetHints":{"allow":["GET"]}}],"collection":[{"href":"https:\/\/www.taesa-gi.com\/fr\/wp-json\/wp\/v2\/pages"}],"about":[{"href":"https:\/\/www.taesa-gi.com\/fr\/wp-json\/wp\/v2\/types\/page"}],"author":[{"embeddable":true,"href":"https:\/\/www.taesa-gi.com\/fr\/wp-json\/wp\/v2\/users\/5"}],"replies":[{"embeddable":true,"href":"https:\/\/www.taesa-gi.com\/fr\/wp-json\/wp\/v2\/comments?post=5326"}],"version-history":[{"count":0,"href":"https:\/\/www.taesa-gi.com\/fr\/wp-json\/wp\/v2\/pages\/5326\/revisions"}],"wp:attachment":[{"href":"https:\/\/www.taesa-gi.com\/fr\/wp-json\/wp\/v2\/media?parent=5326"}],"curies":[{"name":"wp","href":"https:\/\/api.w.org\/{rel}","templated":true}]}}