{"id":4834,"date":"2024-06-22T03:19:20","date_gmt":"2024-06-22T01:19:20","guid":{"rendered":"https:\/\/www.taesa-gi.com\/technologie-innovation-et-qualite\/"},"modified":"2025-02-06T19:05:57","modified_gmt":"2025-02-06T17:05:57","slug":"technologie-innovation-et-qualite","status":"publish","type":"page","link":"https:\/\/www.taesa-gi.com\/fr\/technologie-innovation-et-qualite\/","title":{"rendered":"Technologie, innovation et qualit\u00e9"},"content":{"rendered":"\t\t<div data-elementor-type=\"wp-page\" data-elementor-id=\"4834\" class=\"elementor elementor-4834 elementor-128\" data-elementor-post-type=\"page\">\n\t\t\t\t<div class=\"elementor-element elementor-element-e2312b0 e-flex e-con-boxed e-con e-parent\" data-id=\"e2312b0\" data-element_type=\"container\" data-e-type=\"container\" data-settings=\"{&quot;background_background&quot;:&quot;classic&quot;}\">\n\t\t\t\t\t<div class=\"e-con-inner\">\n\t\t<div class=\"elementor-element elementor-element-557076a e-con-full e-flex e-con e-child\" data-id=\"557076a\" data-element_type=\"container\" data-e-type=\"container\">\n\t\t\t\t<div class=\"elementor-element elementor-element-ed4fa9f elementor-widget elementor-widget-heading\" data-id=\"ed4fa9f\" data-element_type=\"widget\" data-e-type=\"widget\" data-widget_type=\"heading.default\">\n\t\t\t\t<div class=\"elementor-widget-container\">\n\t\t\t\t\t<h1 class=\"elementor-heading-title elementor-size-default\">Technologie, innovation et qualit\u00e9<\/h1>\t\t\t\t<\/div>\n\t\t\t\t<\/div>\n\t\t\t\t<\/div>\n\t\t<div class=\"elementor-element elementor-element-eba5f89 e-con-full elementor-hidden-tablet elementor-hidden-mobile e-flex e-con e-child\" data-id=\"eba5f89\" data-element_type=\"container\" data-e-type=\"container\">\n\t\t\t\t<\/div>\n\t\t\t\t\t<\/div>\n\t\t\t\t<\/div>\n\t\t<div class=\"elementor-element elementor-element-05d60f5 e-flex e-con-boxed e-con e-parent\" data-id=\"05d60f5\" data-element_type=\"container\" data-e-type=\"container\" data-settings=\"{&quot;background_background&quot;:&quot;classic&quot;,&quot;sticky&quot;:&quot;top&quot;,&quot;sticky_offset&quot;:120,&quot;sticky_on&quot;:[&quot;desktop&quot;,&quot;tablet&quot;,&quot;mobile&quot;],&quot;sticky_effects_offset&quot;:0,&quot;sticky_anchor_link_offset&quot;:0}\">\n\t\t\t\t\t<div class=\"e-con-inner\">\n\t\t\t\t<div class=\"elementor-element elementor-element-70681c8 elementor-icon-list--layout-inline elementor-align-start elementor-list-item-link-full_width elementor-widget elementor-widget-icon-list\" data-id=\"70681c8\" data-element_type=\"widget\" data-e-type=\"widget\" data-widget_type=\"icon-list.default\">\n\t\t\t\t<div class=\"elementor-widget-container\">\n\t\t\t\t\t\t\t<ul class=\"elementor-icon-list-items elementor-inline-items\">\n\t\t\t\t\t\t\t<li class=\"elementor-icon-list-item elementor-inline-item\">\n\t\t\t\t\t\t\t\t\t\t\t<a href=\"https:\/\/www.taesa-gi.com\/fr\/\">\n\n\t\t\t\t\t\t\t\t\t\t\t<span class=\"elementor-icon-list-text\">Home<\/span>\n\t\t\t\t\t\t\t\t\t\t\t<\/a>\n\t\t\t\t\t\t\t\t\t<\/li>\n\t\t\t\t\t\t\t\t<li class=\"elementor-icon-list-item elementor-inline-item\">\n\t\t\t\t\t\t\t\t\t\t\t<span class=\"elementor-icon-list-icon\">\n\t\t\t\t\t\t\t<svg aria-hidden=\"true\" class=\"e-font-icon-svg e-fas-chevron-right\" viewBox=\"0 0 320 512\" xmlns=\"http:\/\/www.w3.org\/2000\/svg\"><path d=\"M285.476 272.971L91.132 467.314c-9.373 9.373-24.569 9.373-33.941 0l-22.667-22.667c-9.357-9.357-9.375-24.522-.04-33.901L188.505 256 34.484 101.255c-9.335-9.379-9.317-24.544.04-33.901l22.667-22.667c9.373-9.373 24.569-9.373 33.941 0L285.475 239.03c9.373 9.372 9.373 24.568.001 33.941z\"><\/path><\/svg>\t\t\t\t\t\t<\/span>\n\t\t\t\t\t\t\t\t\t\t<span class=\"elementor-icon-list-text\">\u00c0 propos de Taesa<\/span>\n\t\t\t\t\t\t\t\t\t<\/li>\n\t\t\t\t\t\t\t\t<li class=\"elementor-icon-list-item elementor-inline-item\">\n\t\t\t\t\t\t\t\t\t\t\t<span class=\"elementor-icon-list-icon\">\n\t\t\t\t\t\t\t<svg aria-hidden=\"true\" class=\"e-font-icon-svg e-fas-chevron-right\" viewBox=\"0 0 320 512\" xmlns=\"http:\/\/www.w3.org\/2000\/svg\"><path d=\"M285.476 272.971L91.132 467.314c-9.373 9.373-24.569 9.373-33.941 0l-22.667-22.667c-9.357-9.357-9.375-24.522-.04-33.901L188.505 256 34.484 101.255c-9.335-9.379-9.317-24.544.04-33.901l22.667-22.667c9.373-9.373 24.569-9.373 33.941 0L285.475 239.03c9.373 9.372 9.373 24.568.001 33.941z\"><\/path><\/svg>\t\t\t\t\t\t<\/span>\n\t\t\t\t\t\t\t\t\t\t<span class=\"elementor-icon-list-text\">Technologie pour l'industrie de la viande<\/span>\n\t\t\t\t\t\t\t\t\t<\/li>\n\t\t\t\t\t\t<\/ul>\n\t\t\t\t\t\t<\/div>\n\t\t\t\t<\/div>\n\t\t\t\t\t<\/div>\n\t\t\t\t<\/div>\n\t\t<div class=\"elementor-element elementor-element-0461902 e-flex e-con-boxed e-con e-parent\" data-id=\"0461902\" data-element_type=\"container\" data-e-type=\"container\">\n\t\t\t\t\t<div class=\"e-con-inner\">\n\t\t\t\t<div class=\"elementor-element elementor-element-d797bb4 elementor-widget elementor-widget-heading\" data-id=\"d797bb4\" data-element_type=\"widget\" data-e-type=\"widget\" data-widget_type=\"heading.default\">\n\t\t\t\t<div class=\"elementor-widget-container\">\n\t\t\t\t\t<h2 class=\"elementor-heading-title elementor-size-default\">TAESA : Une histoire qui suit l\u2019\u00e9volution de l\u2019industrie de la viande.<\/h2>\t\t\t\t<\/div>\n\t\t\t\t<\/div>\n\t\t\t\t<div class=\"elementor-element elementor-element-93697f4 elementor-widget elementor-widget-image\" data-id=\"93697f4\" data-element_type=\"widget\" data-e-type=\"widget\" data-widget_type=\"image.default\">\n\t\t\t\t<div class=\"elementor-widget-container\">\n\t\t\t\t\t\t\t\t\t\t\t\t<figure class=\"wp-caption\">\n\t\t\t\t\t\t\t\t\t\t<img fetchpriority=\"high\" decoding=\"async\" width=\"1920\" height=\"1232\" src=\"https:\/\/www.taesa-gi.com\/wp-content\/uploads\/2024\/08\/slider-3.webp\" class=\"attachment-full size-full wp-image-7294\" alt=\"\" srcset=\"https:\/\/www.taesa-gi.com\/wp-content\/uploads\/2024\/08\/slider-3.webp 1920w, https:\/\/www.taesa-gi.com\/wp-content\/uploads\/2024\/08\/slider-3-300x193.webp 300w, https:\/\/www.taesa-gi.com\/wp-content\/uploads\/2024\/08\/slider-3-1024x657.webp 1024w, https:\/\/www.taesa-gi.com\/wp-content\/uploads\/2024\/08\/slider-3-768x493.webp 768w, https:\/\/www.taesa-gi.com\/wp-content\/uploads\/2024\/08\/slider-3-1536x986.webp 1536w\" sizes=\"(max-width: 1920px) 100vw, 1920px\" \/>\t\t\t\t\t\t\t\t\t\t\t<figcaption class=\"widget-image-caption wp-caption-text\">Usine TAESA au Br\u00e9sil<\/figcaption>\n\t\t\t\t\t\t\t\t\t\t<\/figure>\n\t\t\t\t\t\t\t\t\t<\/div>\n\t\t\t\t<\/div>\n\t\t\t\t\t<\/div>\n\t\t\t\t<\/div>\n\t\t<div class=\"elementor-element elementor-element-d7b3fbf e-flex e-con-boxed e-con e-parent\" data-id=\"d7b3fbf\" data-element_type=\"container\" data-e-type=\"container\">\n\t\t\t\t\t<div class=\"e-con-inner\">\n\t\t\t\t<div class=\"elementor-element elementor-element-dab4880 elementor-widget elementor-widget-text-editor\" data-id=\"dab4880\" data-element_type=\"widget\" data-e-type=\"widget\" data-widget_type=\"text-editor.default\">\n\t\t\t\t<div class=\"elementor-widget-container\">\n\t\t\t\t\t\t\t\t\t<p>D&rsquo;Aranda de Duero, en Espagne, au monde. D&rsquo;une entreprise fond\u00e9e en 1954 ax\u00e9e sur la fabrication et la r\u00e9paration d&rsquo;\u00e9quipements agricoles \u00e0 une marque de renomm\u00e9e mondiale reconnue pour son excellence dans la conception et la production d&rsquo;\u00e9quipements r\u00e9pondant aux exigences les plus \u00e9lev\u00e9es de l&rsquo;industrie de la r\u00e9frig\u00e9ration du 21e si\u00e8cle. C&rsquo;est l&rsquo;histoire de TAESA, une entreprise familiale qui a trouv\u00e9 dans la tradition et l&rsquo;engagement envers ses valeurs d&rsquo;origine la voie de se d\u00e9velopper et de se consolider en tant qu&rsquo;acteur pertinent sur la sc\u00e8ne mondiale.<\/p><p>Cette trajectoire ascendante n&rsquo;a \u00e9t\u00e9 possible que gr\u00e2ce \u00e0 la vision et \u00e0 la gestion coh\u00e9rentes de ses fondateurs, qui ont travaill\u00e9 au fil des ann\u00e9es pour assurer le d\u00e9veloppement mondial de la marque TAESA afin d&rsquo;obtenir une reconnaissance dans le secteur de l&rsquo;industrie de la viande en raison du savoir-faire des processus de production et de la qualit\u00e9 des solutions propos\u00e9es.<\/p><p><span style=\"text-decoration: underline;\"><strong>Grandir avec les clients, apprendre de l&rsquo;exp\u00e9rience accumul\u00e9e<\/strong><\/span><\/p><p>L&rsquo;objectif de grandir avec les clients et les fournisseurs de mani\u00e8re coh\u00e9rente et efficace, de consolider le succ\u00e8s et d&rsquo;acqu\u00e9rir une exp\u00e9rience pratique, a fait<\/p><p>TAESA est une entreprise tr\u00e8s \u00e0 l\u2019\u00e9coute des besoins de l\u2019industrie de la viande. De plus, les valeurs partag\u00e9es par ses collaborateurs \u00e0 travers le monde telles que la d\u00e9termination, la discipline, l\u2019esprit de partenariat, la disponibilit\u00e9, la simplicit\u00e9, l\u2019ouverture et l\u2019humilit\u00e9 contribuent \u00e0 \u00e9tablir de bonnes relations et \u00e0 gagner la confiance.<\/p><p>Aujourd&rsquo;hui, TAESA dispose de solutions compl\u00e8tes pour l&rsquo;abattage de bovins, de porcs et d&rsquo;ovins qui r\u00e9pondent aux besoins de l&rsquo;industrie de la viande non seulement en ce qui concerne la productivit\u00e9, le respect des normes sanitaires, l&rsquo;assurance qualit\u00e9 et la meilleure utilisation des mati\u00e8res premi\u00e8res dans les processus, en \u00e9conomisant des ressources telles que l&rsquo;eau, l&rsquo;\u00e9nergie et le bien-\u00eatre animal.<\/p><p>Il convient \u00e9galement de souligner que les solutions de TAESA s&rsquo;alignent sur les principes de bonnes pratiques environnementales et sociales. Il convient de rappeler que l&rsquo;ESG, acronyme qui signifie Environnement, Social et Gouvernance, est un principe qui guide la conduite des entreprises du monde entier et l&rsquo;industrie alimentaire ne fait pas exception.<\/p><p>Lors du d\u00e9veloppement de ses solutions, TAESA prend en compte des facteurs tels que l\u2019ergonomie et la s\u00e9curit\u00e9 des employ\u00e9s dans l\u2019industrie de la r\u00e9frig\u00e9ration. En ce qui concerne l&rsquo;environnement, TAESA fournit, \u00e0 travers la marque DEON, des solutions compl\u00e8tes pour le traitement des effluents qui alimentent les r\u00e9frig\u00e9rateurs de toutes productions.<\/p><p>Il existe \u00e9galement une gamme compl\u00e8te de convoyeurs et d&rsquo;accessoires, pour compl\u00e9ter un tr\u00e8s large portefeuille de solutions pour l&rsquo;industrie.<\/p><p><span style=\"text-decoration: underline;\"><strong>La meilleure technologie pour chaque r\u00e9frig\u00e9rateur<\/strong><\/span><\/p><p>Avec ce r\u00e9pertoire, une technologie de pointe et une \u00e9quipe d&rsquo;ing\u00e9nieurs exp\u00e9riment\u00e9s et qualifi\u00e9s, TAESA a d\u00e9velopp\u00e9 des projets personnalis\u00e9s, fourni des \u00e9quipements et des projets pour des r\u00e9frig\u00e9rateurs situ\u00e9s dans diff\u00e9rentes r\u00e9gions du monde : Europe, Am\u00e9rique, Asie et Afrique.<\/p><p>En plus de l&rsquo;usine en Espagne, l&rsquo;entreprise investit dans la production locale dans des pays strat\u00e9giques tels que le Mexique, l&rsquo;Alg\u00e9rie et le Br\u00e9sil, ce dernier \u00e9tant non seulement une puissance de production alimentaire au niveau mondial, mais se consolidant \u00e9galement comme l&rsquo;un des principaux acteurs du march\u00e9 des prot\u00e9ines animales, tant pour servir le march\u00e9 local que pour l&rsquo;exportation.<\/p><p>Il est donc plus facile de desservir l\u2019Am\u00e9rique du Sud en raison de la proximit\u00e9 de deux autres pays de production expressive comme l\u2019Argentine et l\u2019Uruguay.<\/p><p>Une entreprise \u00e0 l\u2019\u00e9coute des d\u00e9sirs des clients et comprenant les demandes des consommateurs en mati\u00e8re de prot\u00e9ines animales. Le meilleur de la technologie est la tradition qui permet de transmettre la confiance et d\u2019\u00e9tablir des relations solides.<\/p><p>Chez TAESA, nous sommes pr\u00eats \u00e0 r\u00e9aliser de nouvelles r\u00e9alisations dans les ann\u00e9es \u00e0 venir, car il est n\u00e9cessaire d&rsquo;apporter des aliments de qualit\u00e9 dans les assiettes de milliers de personnes \u00e0 travers le monde.<\/p>\t\t\t\t\t\t\t\t<\/div>\n\t\t\t\t<\/div>\n\t\t\t\t\t<\/div>\n\t\t\t\t<\/div>\n\t\t\t\t<\/div>\n\t\t","protected":false},"excerpt":{"rendered":"<p>Technologie, innovation et qualit\u00e9 Home \u00c0 propos de Taesa Technologie pour l&rsquo;industrie de la viande TAESA : Une histoire qui [&hellip;]<\/p>\n","protected":false},"author":5,"featured_media":0,"parent":0,"menu_order":0,"comment_status":"closed","ping_status":"closed","template":"","meta":{"_acf_changed":false,"site-sidebar-layout":"no-sidebar","site-content-layout":"","ast-site-content-layout":"full-width-container","site-content-style":"default","site-sidebar-style":"default","ast-global-header-display":"","ast-banner-title-visibility":"","ast-main-header-display":"","ast-hfb-above-header-display":"","ast-hfb-below-header-display":"","ast-hfb-mobile-header-display":"","site-post-title":"disabled","ast-breadcrumbs-content":"","ast-featured-img":"disabled","footer-sml-layout":"","ast-disable-related-posts":"","theme-transparent-header-meta":"","adv-header-id-meta":"","stick-header-meta":"","header-above-stick-meta":"","header-main-stick-meta":"","header-below-stick-meta":"","astra-migrate-meta-layouts":"default","ast-page-background-enabled":"default","ast-page-background-meta":{"desktop":{"background-color":"var(--ast-global-color-4)","background-image":"","background-repeat":"repeat","background-position":"center center","background-size":"auto","background-attachment":"scroll","background-type":"","background-media":"","overlay-type":"","overlay-color":"","overlay-opacity":"","overlay-gradient":""},"tablet":{"background-color":"","background-image":"","background-repeat":"repeat","background-position":"center center","background-size":"auto","background-attachment":"scroll","background-type":"","background-media":"","overlay-type":"","overlay-color":"","overlay-opacity":"","overlay-gradient":""},"mobile":{"background-color":"","background-image":"","background-repeat":"repeat","background-position":"center center","background-size":"auto","background-attachment":"scroll","background-type":"","background-media":"","overlay-type":"","overlay-color":"","overlay-opacity":"","overlay-gradient":""}},"ast-content-background-meta":{"desktop":{"background-color":"var(--ast-global-color-5)","background-image":"","background-repeat":"repeat","background-position":"center center","background-size":"auto","background-attachment":"scroll","background-type":"","background-media":"","overlay-type":"","overlay-color":"","overlay-opacity":"","overlay-gradient":""},"tablet":{"background-color":"var(--ast-global-color-5)","background-image":"","background-repeat":"repeat","background-position":"center center","background-size":"auto","background-attachment":"scroll","background-type":"","background-media":"","overlay-type":"","overlay-color":"","overlay-opacity":"","overlay-gradient":""},"mobile":{"background-color":"var(--ast-global-color-5)","background-image":"","background-repeat":"repeat","background-position":"center center","background-size":"auto","background-attachment":"scroll","background-type":"","background-media":"","overlay-type":"","overlay-color":"","overlay-opacity":"","overlay-gradient":""}},"footnotes":""},"class_list":["post-4834","page","type-page","status-publish","hentry"],"acf":[],"yoast_head":"<!-- This site is optimized with the Yoast SEO plugin v27.5 - https:\/\/yoast.com\/product\/yoast-seo-wordpress\/ -->\n<title>Technologie, innovation et qualit\u00e9 - Taesa<\/title>\n<meta name=\"robots\" content=\"index, follow, max-snippet:-1, max-image-preview:large, max-video-preview:-1\" \/>\n<link rel=\"canonical\" href=\"https:\/\/www.taesa-gi.com\/fr\/technologie-innovation-et-qualite\/\" \/>\n<meta property=\"og:locale\" content=\"fr_FR\" \/>\n<meta property=\"og:type\" content=\"article\" \/>\n<meta property=\"og:title\" content=\"Technologie, innovation et qualit\u00e9 - Taesa\" \/>\n<meta property=\"og:description\" content=\"Technologie, innovation et qualit\u00e9 Home \u00c0 propos de Taesa Technologie pour l&rsquo;industrie de la viande TAESA : Une histoire qui [&hellip;]\" \/>\n<meta property=\"og:url\" content=\"https:\/\/www.taesa-gi.com\/fr\/technologie-innovation-et-qualite\/\" \/>\n<meta property=\"og:site_name\" content=\"Taesa\" \/>\n<meta property=\"article:modified_time\" content=\"2025-02-06T17:05:57+00:00\" \/>\n<meta property=\"og:image\" content=\"https:\/\/www.taesa-gi.com:8081\/wp-content\/uploads\/2024\/08\/slider-3.webp\" \/>\n<meta name=\"twitter:card\" content=\"summary_large_image\" \/>\n<meta name=\"twitter:label1\" content=\"Dur\u00e9e de lecture estim\u00e9e\" \/>\n\t<meta name=\"twitter:data1\" content=\"4 minutes\" \/>\n<script type=\"application\/ld+json\" class=\"yoast-schema-graph\">{\"@context\":\"https:\\\/\\\/schema.org\",\"@graph\":[{\"@type\":\"WebPage\",\"@id\":\"https:\\\/\\\/www.taesa-gi.com\\\/fr\\\/technologie-innovation-et-qualite\\\/\",\"url\":\"https:\\\/\\\/www.taesa-gi.com\\\/fr\\\/technologie-innovation-et-qualite\\\/\",\"name\":\"Technologie, innovation et qualit\u00e9 - Taesa\",\"isPartOf\":{\"@id\":\"https:\\\/\\\/www.taesa-gi.com\\\/fr\\\/#website\"},\"primaryImageOfPage\":{\"@id\":\"https:\\\/\\\/www.taesa-gi.com\\\/fr\\\/technologie-innovation-et-qualite\\\/#primaryimage\"},\"image\":{\"@id\":\"https:\\\/\\\/www.taesa-gi.com\\\/fr\\\/technologie-innovation-et-qualite\\\/#primaryimage\"},\"thumbnailUrl\":\"https:\\\/\\\/www.taesa-gi.com:8081\\\/wp-content\\\/uploads\\\/2024\\\/08\\\/slider-3.webp\",\"datePublished\":\"2024-06-22T01:19:20+00:00\",\"dateModified\":\"2025-02-06T17:05:57+00:00\",\"breadcrumb\":{\"@id\":\"https:\\\/\\\/www.taesa-gi.com\\\/fr\\\/technologie-innovation-et-qualite\\\/#breadcrumb\"},\"inLanguage\":\"fr-FR\",\"potentialAction\":[{\"@type\":\"ReadAction\",\"target\":[\"https:\\\/\\\/www.taesa-gi.com\\\/fr\\\/technologie-innovation-et-qualite\\\/\"]}]},{\"@type\":\"ImageObject\",\"inLanguage\":\"fr-FR\",\"@id\":\"https:\\\/\\\/www.taesa-gi.com\\\/fr\\\/technologie-innovation-et-qualite\\\/#primaryimage\",\"url\":\"https:\\\/\\\/www.taesa-gi.com:8081\\\/wp-content\\\/uploads\\\/2024\\\/08\\\/slider-3.webp\",\"contentUrl\":\"https:\\\/\\\/www.taesa-gi.com:8081\\\/wp-content\\\/uploads\\\/2024\\\/08\\\/slider-3.webp\"},{\"@type\":\"BreadcrumbList\",\"@id\":\"https:\\\/\\\/www.taesa-gi.com\\\/fr\\\/technologie-innovation-et-qualite\\\/#breadcrumb\",\"itemListElement\":[{\"@type\":\"ListItem\",\"position\":1,\"name\":\"Portada\",\"item\":\"https:\\\/\\\/www.taesa-gi.com\\\/fr\\\/\"},{\"@type\":\"ListItem\",\"position\":2,\"name\":\"Technologie, innovation et qualit\u00e9\"}]},{\"@type\":\"WebSite\",\"@id\":\"https:\\\/\\\/www.taesa-gi.com\\\/fr\\\/#website\",\"url\":\"https:\\\/\\\/www.taesa-gi.com\\\/fr\\\/\",\"name\":\"Taesa\",\"description\":\"Taesa grupo industrial\",\"publisher\":{\"@id\":\"https:\\\/\\\/www.taesa-gi.com\\\/fr\\\/#organization\"},\"potentialAction\":[{\"@type\":\"SearchAction\",\"target\":{\"@type\":\"EntryPoint\",\"urlTemplate\":\"https:\\\/\\\/www.taesa-gi.com\\\/fr\\\/?s={search_term_string}\"},\"query-input\":{\"@type\":\"PropertyValueSpecification\",\"valueRequired\":true,\"valueName\":\"search_term_string\"}}],\"inLanguage\":\"fr-FR\"},{\"@type\":\"Organization\",\"@id\":\"https:\\\/\\\/www.taesa-gi.com\\\/fr\\\/#organization\",\"name\":\"Taesa\",\"url\":\"https:\\\/\\\/www.taesa-gi.com\\\/fr\\\/\",\"logo\":{\"@type\":\"ImageObject\",\"inLanguage\":\"fr-FR\",\"@id\":\"https:\\\/\\\/www.taesa-gi.com\\\/fr\\\/#\\\/schema\\\/logo\\\/image\\\/\",\"url\":\"https:\\\/\\\/www.taesa-gi.com\\\/wp-content\\\/uploads\\\/2024\\\/06\\\/logo.webp\",\"contentUrl\":\"https:\\\/\\\/www.taesa-gi.com\\\/wp-content\\\/uploads\\\/2024\\\/06\\\/logo.webp\",\"width\":368,\"height\":158,\"caption\":\"Taesa\"},\"image\":{\"@id\":\"https:\\\/\\\/www.taesa-gi.com\\\/fr\\\/#\\\/schema\\\/logo\\\/image\\\/\"}}]}<\/script>\n<!-- \/ Yoast SEO plugin. -->","yoast_head_json":{"title":"Technologie, innovation et qualit\u00e9 - Taesa","robots":{"index":"index","follow":"follow","max-snippet":"max-snippet:-1","max-image-preview":"max-image-preview:large","max-video-preview":"max-video-preview:-1"},"canonical":"https:\/\/www.taesa-gi.com\/fr\/technologie-innovation-et-qualite\/","og_locale":"fr_FR","og_type":"article","og_title":"Technologie, innovation et qualit\u00e9 - Taesa","og_description":"Technologie, innovation et qualit\u00e9 Home \u00c0 propos de Taesa Technologie pour l&rsquo;industrie de la viande TAESA : Une histoire qui [&hellip;]","og_url":"https:\/\/www.taesa-gi.com\/fr\/technologie-innovation-et-qualite\/","og_site_name":"Taesa","article_modified_time":"2025-02-06T17:05:57+00:00","og_image":[{"url":"https:\/\/www.taesa-gi.com:8081\/wp-content\/uploads\/2024\/08\/slider-3.webp","type":"","width":"","height":""}],"twitter_card":"summary_large_image","twitter_misc":{"Dur\u00e9e de lecture estim\u00e9e":"4 minutes"},"schema":{"@context":"https:\/\/schema.org","@graph":[{"@type":"WebPage","@id":"https:\/\/www.taesa-gi.com\/fr\/technologie-innovation-et-qualite\/","url":"https:\/\/www.taesa-gi.com\/fr\/technologie-innovation-et-qualite\/","name":"Technologie, innovation et qualit\u00e9 - Taesa","isPartOf":{"@id":"https:\/\/www.taesa-gi.com\/fr\/#website"},"primaryImageOfPage":{"@id":"https:\/\/www.taesa-gi.com\/fr\/technologie-innovation-et-qualite\/#primaryimage"},"image":{"@id":"https:\/\/www.taesa-gi.com\/fr\/technologie-innovation-et-qualite\/#primaryimage"},"thumbnailUrl":"https:\/\/www.taesa-gi.com:8081\/wp-content\/uploads\/2024\/08\/slider-3.webp","datePublished":"2024-06-22T01:19:20+00:00","dateModified":"2025-02-06T17:05:57+00:00","breadcrumb":{"@id":"https:\/\/www.taesa-gi.com\/fr\/technologie-innovation-et-qualite\/#breadcrumb"},"inLanguage":"fr-FR","potentialAction":[{"@type":"ReadAction","target":["https:\/\/www.taesa-gi.com\/fr\/technologie-innovation-et-qualite\/"]}]},{"@type":"ImageObject","inLanguage":"fr-FR","@id":"https:\/\/www.taesa-gi.com\/fr\/technologie-innovation-et-qualite\/#primaryimage","url":"https:\/\/www.taesa-gi.com:8081\/wp-content\/uploads\/2024\/08\/slider-3.webp","contentUrl":"https:\/\/www.taesa-gi.com:8081\/wp-content\/uploads\/2024\/08\/slider-3.webp"},{"@type":"BreadcrumbList","@id":"https:\/\/www.taesa-gi.com\/fr\/technologie-innovation-et-qualite\/#breadcrumb","itemListElement":[{"@type":"ListItem","position":1,"name":"Portada","item":"https:\/\/www.taesa-gi.com\/fr\/"},{"@type":"ListItem","position":2,"name":"Technologie, innovation et qualit\u00e9"}]},{"@type":"WebSite","@id":"https:\/\/www.taesa-gi.com\/fr\/#website","url":"https:\/\/www.taesa-gi.com\/fr\/","name":"Taesa","description":"Taesa grupo industrial","publisher":{"@id":"https:\/\/www.taesa-gi.com\/fr\/#organization"},"potentialAction":[{"@type":"SearchAction","target":{"@type":"EntryPoint","urlTemplate":"https:\/\/www.taesa-gi.com\/fr\/?s={search_term_string}"},"query-input":{"@type":"PropertyValueSpecification","valueRequired":true,"valueName":"search_term_string"}}],"inLanguage":"fr-FR"},{"@type":"Organization","@id":"https:\/\/www.taesa-gi.com\/fr\/#organization","name":"Taesa","url":"https:\/\/www.taesa-gi.com\/fr\/","logo":{"@type":"ImageObject","inLanguage":"fr-FR","@id":"https:\/\/www.taesa-gi.com\/fr\/#\/schema\/logo\/image\/","url":"https:\/\/www.taesa-gi.com\/wp-content\/uploads\/2024\/06\/logo.webp","contentUrl":"https:\/\/www.taesa-gi.com\/wp-content\/uploads\/2024\/06\/logo.webp","width":368,"height":158,"caption":"Taesa"},"image":{"@id":"https:\/\/www.taesa-gi.com\/fr\/#\/schema\/logo\/image\/"}}]}},"_links":{"self":[{"href":"https:\/\/www.taesa-gi.com\/fr\/wp-json\/wp\/v2\/pages\/4834","targetHints":{"allow":["GET"]}}],"collection":[{"href":"https:\/\/www.taesa-gi.com\/fr\/wp-json\/wp\/v2\/pages"}],"about":[{"href":"https:\/\/www.taesa-gi.com\/fr\/wp-json\/wp\/v2\/types\/page"}],"author":[{"embeddable":true,"href":"https:\/\/www.taesa-gi.com\/fr\/wp-json\/wp\/v2\/users\/5"}],"replies":[{"embeddable":true,"href":"https:\/\/www.taesa-gi.com\/fr\/wp-json\/wp\/v2\/comments?post=4834"}],"version-history":[{"count":0,"href":"https:\/\/www.taesa-gi.com\/fr\/wp-json\/wp\/v2\/pages\/4834\/revisions"}],"wp:attachment":[{"href":"https:\/\/www.taesa-gi.com\/fr\/wp-json\/wp\/v2\/media?parent=4834"}],"curies":[{"name":"wp","href":"https:\/\/api.w.org\/{rel}","templated":true}]}}